{"id":35,"date":"2022-01-12T06:40:25","date_gmt":"2022-01-12T06:40:25","guid":{"rendered":"https:\/\/demo.cmssuperheroes.com\/themeforest\/primous\/?page_id=35"},"modified":"2023-09-28T14:58:37","modified_gmt":"2023-09-28T14:58:37","slug":"contact-us","status":"publish","type":"page","link":"https:\/\/bluedraco.us\/es\/contact-us\/","title":{"rendered":"Cont\u00e1ctanos"},"content":{"rendered":"<div data-elementor-type=\"wp-page\" data-elementor-id=\"35\" class=\"elementor elementor-35\">\n\t\t\t\t\t\t\t        <div class=\"elementor-section elementor-top-section elementor-element elementor-element-b4697fc pt-110 pb-90 elementor-section-boxed elementor-section-height-default elementor-section-height-default cms-remove-row-no cms-section-no-padding-no cms-boxed-bg-false cms-section-boxed-divider-false cms-overlay-gradient-mode-tb\" data-id=\"b4697fc\" data-element_type=\"section\">\n\t\t\n\t\t<div class=\"cms-overlay-gradient\"><\/div><div class=\"cms-section-boxed-bg\"><\/div><div class=\"cms-section-boxed-divider\"><\/div><div class=\"cms-elementor-section-remove\"><\/div><div class=\"cms-elementor-section-corner cms-elementor-section-corner-top\"><\/div><div class=\"cms-elementor-section-corner cms-elementor-section-corner-bottom\"><\/div>        <div class=\"elementor-container elementor-column-gap-default\" >\n\t\t        <div class=\"elementor-column elementor-col-100 elementor-top-column elementor-element elementor-element-ee48bb0\" data-id=\"ee48bb0\" data-element_type=\"column\">\n        <div class=\"elementor-widget-wrap elementor-element-populated\">\n                        \t\t<div class=\"elementor-element elementor-element-0dd3f32 cms-heading-layout-2 elementor-widget__width-initial elementor-widget-mobile__width-inherit elementor-widget elementor-widget-cms_heading\" data-id=\"0dd3f32\" data-element_type=\"widget\" data-widget_type=\"cms_heading.default\">\n\t\t\t\t<div class=\"elementor-widget-container\">\n\t\t\t<div class=\"cms-heading-wrapper text-\">\r\n        <div class=\"cms-smallheading mt-n5 mb-20 font-700  text-accent empty-none\">Cont\u00e1ctanos y te daremos una respuesta tan pronto como podamos!<\/div>\r\n    <div class=\"extra-space clearfix\"> <\/div>\r\n    <h2 class=\"cms-mainheading heading mt-n5 text-lg-40 lh-1\/375  text-heading empty-none\">Env\u00edenos su consulta<\/h2>\r\n    <div class=\"extra-space clearfix\"> <\/div>\r\n        <div class=\"cms-heading-buttons row gutters-30 gutters-grid align-items-center pt-40 empty-none\"><\/div>\r\n<\/div>\t\t<\/div>\n\t\t\t\t<\/div>\n\t\t        <div class=\"elementor-section elementor-inner-section elementor-element elementor-element-ccafaeb pt-20 elementor-section-boxed elementor-section-height-default elementor-section-height-default cms-remove-row-no cms-section-no-padding-no cms-boxed-bg-false cms-section-boxed-divider-false cms-overlay-gradient-mode-tb\" data-id=\"ccafaeb\" data-element_type=\"section\">\n\t\t\n\t\t<div class=\"cms-overlay-gradient\"><\/div><div class=\"cms-section-boxed-bg\"><\/div><div class=\"cms-section-boxed-divider\"><\/div><div class=\"cms-elementor-section-remove\"><\/div><div class=\"cms-elementor-section-corner cms-elementor-section-corner-top\"><\/div><div class=\"cms-elementor-section-corner cms-elementor-section-corner-bottom\"><\/div>        <div class=\"elementor-container elementor-column-gap-default\" >\n\t\t        <div class=\"elementor-column elementor-col-50 elementor-inner-column elementor-element elementor-element-7c28e08\" data-id=\"7c28e08\" data-element_type=\"column\">\n        <div class=\"elementor-widget-wrap elementor-element-populated\">\n                        \t\t<div class=\"elementor-element elementor-element-c584d1e pr-xl-70 elementor-widget elementor-widget-cms_button\" data-id=\"c584d1e\" data-element_type=\"widget\" data-widget_type=\"cms_button.default\">\n\t\t\t\t<div class=\"elementor-widget-container\">\n\t\t\t<div class=\"cms-headings cms-button-headings empty-none text-\">    <div class=\"cms-desc mb-30  text-body empty-none\">Comun\u00edquese con nosotros si necesita informaci\u00f3n sobre el estado de su carga o nuestras soluciones, y estaremos encantados de ayudarle.<\/div>\r\n    <div class=\"extra-space clearfix\"> <\/div>\r\n<\/div>\r\n\t\t<\/div>\n\t\t\t\t<\/div>\n\t\t        <\/div>\n        <\/div>\n                <div class=\"elementor-column elementor-col-50 elementor-inner-column elementor-element elementor-element-1e391b5\" data-id=\"1e391b5\" data-element_type=\"column\">\n        <div class=\"elementor-widget-wrap elementor-element-populated\">\n                        \t\t<div class=\"elementor-element elementor-element-e2146d1 cms-cf7-layout-1 elementor-widget elementor-widget-cms_ctf7\" data-id=\"e2146d1\" data-element_type=\"widget\" data-widget_type=\"cms_ctf7.default\">\n\t\t\t\t<div class=\"elementor-widget-container\">\n\t\t\t<div class=\"cms-cf7 relative\">\r\n    <div class=\"cms-cf7-inner\">\r\n        <div class=\"cms-banner\">\r\n            <div class=\"cms-cf7-banner-inner\">\r\n                            <\/div>\r\n        <\/div>\r\n        <div role=\"form\" class=\"wpcf7\" id=\"wpcf7-f2769-o1\" lang=\"en-US\" dir=\"ltr\">\n<div class=\"screen-reader-response\"><p role=\"status\" aria-live=\"polite\" aria-atomic=\"true\"><\/p> <ul><\/ul><\/div>\n<form action=\"\/es\/wp-json\/wp\/v2\/pages\/35#wpcf7-f2769-o1\" method=\"post\" class=\"wpcf7-form init\" novalidate=\"novalidate\" data-status=\"init\" data-trp-original-action=\"\/es\/wp-json\/wp\/v2\/pages\/35#wpcf7-f2769-o1\">\n<div style=\"display: none;\">\n<input type=\"hidden\" name=\"_wpcf7\" value=\"2769\" \/>\n<input type=\"hidden\" name=\"_wpcf7_version\" value=\"5.6.4\" \/>\n<input type=\"hidden\" name=\"_wpcf7_locale\" value=\"en_US\" \/>\n<input type=\"hidden\" name=\"_wpcf7_unit_tag\" value=\"wpcf7-f2769-o1\" \/>\n<input type=\"hidden\" name=\"_wpcf7_container_post\" value=\"0\" \/>\n<input type=\"hidden\" name=\"_wpcf7_posted_data_hash\" value=\"\" \/>\n<input type=\"hidden\" name=\"_wpcf7cf_hidden_group_fields\" value=\"[]\" \/>\n<input type=\"hidden\" name=\"_wpcf7cf_hidden_groups\" value=\"[]\" \/>\n<input type=\"hidden\" name=\"_wpcf7cf_visible_groups\" value=\"[]\" \/>\n<input type=\"hidden\" name=\"_wpcf7cf_repeaters\" value=\"[]\" \/>\n<input type=\"hidden\" name=\"_wpcf7cf_steps\" value=\"{}\" \/>\n<input type=\"hidden\" name=\"_wpcf7cf_options\" value=\"{&quot;form_id&quot;:2769,&quot;conditions&quot;:[],&quot;settings&quot;:{&quot;animation&quot;:&quot;no&quot;,&quot;animation_intime&quot;:&quot;200&quot;,&quot;animation_outtime&quot;:&quot;200&quot;,&quot;conditions_ui&quot;:&quot;normal&quot;,&quot;notice_dismissed&quot;:&quot;&quot;}}\" \/>\n<input type=\"hidden\" name=\"_wpcf7_recaptcha_response\" value=\"\" \/>\n<\/div>\n<div class=\"row gutters-grid\">\n <div class=\"col-lg-4\"><span class=\"wpcf7-form-control-wrap\" data-name=\"your-name\"><input type=\"text\" name=\"your-name\" value=\"\" size=\"40\" class=\"wpcf7-form-control wpcf7-text wpcf7-validates-as-required\" aria-required=\"true\" aria-invalid=\"false\" placeholder=\"Nombre de la Compa\u00f1\u00eda\" \/><\/span><\/div>\n <div class=\"col-lg-4\"><span class=\"wpcf7-form-control-wrap\" data-name=\"your-email\"><input type=\"email\" name=\"your-email\" value=\"\" size=\"40\" class=\"wpcf7-form-control wpcf7-text wpcf7-email wpcf7-validates-as-required wpcf7-validates-as-email\" aria-required=\"true\" aria-invalid=\"false\" placeholder=\"Email\" \/><\/span><\/div>\n <div class=\"col-lg-4\"><span class=\"wpcf7-form-control-wrap\" data-name=\"your-phone\"><input type=\"tel\" name=\"your-phone\" value=\"\" size=\"40\" class=\"wpcf7-form-control wpcf7-text wpcf7-tel wpcf7-validates-as-required wpcf7-validates-as-tel\" aria-required=\"true\" aria-invalid=\"false\" placeholder=\"Tel\u00e9fono\" \/><\/span><\/div>\n <div class=\"col-12\"><span class=\"wpcf7-form-control-wrap\" data-name=\"your-message\"><textarea name=\"your-message\" cols=\"40\" rows=\"10\" class=\"wpcf7-form-control wpcf7-textarea\" aria-invalid=\"false\" placeholder=\"Detalles Adicionales\"><\/textarea><\/span><\/div>\n <div class=\"col-12\"><div class=\"cms-submit\"><button type=\"submit\" class=\"wpcf7-form-control wpcf7-submit btn btn-fill btn-xl btn-primary btn-hover-accent btn-block w-100 btn-content-between\"><span class=\"cms-btn-content\"><span class=\"cms-btn-text\">Enviar Petici\u00f3n<\/span><span class=\"wpcf7-submit-icon cms-btn-icon cmsi-arrow-circle-right text-36\"><\/span><\/span><\/button><\/div><\/div>\n<\/div><p style=\"display: none !important;\"><label>&#916;<textarea name=\"_wpcf7_ak_hp_textarea\" cols=\"45\" rows=\"8\" maxlength=\"100\"><\/textarea><\/label><input type=\"hidden\" id=\"ak_js_1\" name=\"_wpcf7_ak_js\" value=\"63\"\/><script>document.getElementById( \"ak_js_1\" ).setAttribute( \"value\", ( new Date() ).getTime() );<\/script><\/p><div class=\"wpcf7-response-output\" aria-hidden=\"true\"><\/div><input type=\"hidden\" value=\"no\" id=\"cf7-calculator-enable\" ><input type=\"hidden\" value=\"2\" id=\"cf7-calculator-decimals\" ><input type=\"hidden\" value=\".\" id=\"cf7-calculator-separator\" ><input type=\"hidden\" value=\",\" id=\"cf7-calculator-thousand\" ><input type=\"hidden\" value=\"no\" id=\"cf7-calculator-right\" ><input type=\"hidden\" value=\"\" id=\"cf7-calculator-currency\" ><input type=\"hidden\" value=\"left\" id=\"cf7-calculator-currency_position\" >\r\n            <style type=\"text\/css\" >\r\n                .cf7-hide {\r\n                    display: none !important;\r\n                }\r\n                .cf7-calculated-name {\r\n                    width: 100%;\r\n                    display: inline-block;\r\n                }\r\n            <\/style><input type=\"hidden\" name=\"trp-form-language\" value=\"es\"\/><\/form><\/div>            <\/div>\r\n<\/div>\t\t<\/div>\n\t\t\t\t<\/div>\n\t\t        <\/div>\n        <\/div>\n        \t\t        <\/div>\n        <\/div>\n\t\t        <\/div>\n        <\/div>\n        \t\t        <\/div>\n        <\/div>\n\t\t        <div class=\"elementor-section elementor-top-section elementor-element elementor-element-86cf4b9 elementor-section-full_width elementor-section-height-default elementor-section-height-default cms-remove-row-no cms-section-no-padding-no cms-full-content-with-space-none cms-boxed-bg-false cms-section-boxed-divider-false cms-overlay-gradient-mode-tb\" data-id=\"86cf4b9\" data-element_type=\"section\" data-settings=\"{&quot;background_background&quot;:&quot;classic&quot;}\">\n\t\t\n\t\t<div class=\"cms-overlay-gradient\"><\/div><div class=\"cms-section-boxed-bg\"><\/div><div class=\"cms-section-boxed-divider\"><\/div><div class=\"cms-elementor-section-remove\"><\/div><div class=\"cms-elementor-section-corner cms-elementor-section-corner-top\"><\/div><div class=\"cms-elementor-section-corner cms-elementor-section-corner-bottom\"><\/div>        <div class=\"elementor-container elementor-column-gap-no\" >\n\t\t        <div class=\"elementor-column elementor-col-100 elementor-top-column elementor-element elementor-element-121075a\" data-id=\"121075a\" data-element_type=\"column\">\n        <div class=\"elementor-widget-wrap elementor-element-populated\">\n                        \t\t<div class=\"elementor-element elementor-element-a1d196c cms-maps-layout-1 cms-accordion cms-accordion-layout-1 elementor-widget elementor-widget-cms_map\" data-id=\"a1d196c\" data-element_type=\"widget\" data-widget_type=\"cms_map.default\">\n\t\t\t\t<div class=\"elementor-widget-container\">\n\t\t\t<div class=\"d-flex justify-content-center  justify-content-lg-center text-start  text-lg-center\">\r\n                <div class=\"cms-posts-heading w-100 pb-50\">\r\n                        <h2 class=\"cms-mainheading cms-heading mt-n5 text-24 text-md-37 lh-1\/46  text-heading empty-none\">Ubicaciones<\/h2>\r\n    <div class=\"extra-space clearfix\"> <\/div>\r\n                <\/div><\/div>\r\n            <div class=\"cms-map-wrapper relative cms-map-height d-flex align-items-center mapstart  maplg-center\">\r\n    <div class=\"cms-map-img\"><a href=\"https:\/\/www.google.com.ar\/maps\/place\/Miami,+Florida,+EE.+UU.\/@25.7825453,-80.2994991,12z\/data=!3m1!4b1!4m6!3m5!1s0x88d9b0a20ec8c111:0xff96f271ddad4f65!8m2!3d25.7616798!4d-80.1917902!16zL20vMGYydjA\" target=\"_self\" class=\"d-block overflow-hidden cms-map-height\"><img class=\"img-cover w-100 h-100 cms-img\" src=\"https:\/\/bluedraco.us\/wp-content\/uploads\/2023\/01\/\u00bfQue-es-Staff-Augmentation-1080-\u00d7-520-px-1400-\u00d7-840-px-1130-\u00d7-570-px-900-\u00d7-570-px-1920-\u00d7-1080-px.png\" width=\"1920\" height=\"1080\" alt=\"\" title=\"\" \/><\/a><\/div>    <div class=\"container relative z-top\">\r\n        <div id=\"cms_map-a1d196c\" class=\"cms-accordion cms-shadow-1 bg-white\">\r\n                            <div class=\"cms-heading text-white text-20 bg-accent p-lr-40 p-tb-30\">\r\n                    Ubicaciones                <\/div>\r\n                                        <div class=\"cms-accordion-item cms-transition active\" data-target=\"#7330858\">\r\n                    <div class=\"cms-ac-title text-heading row gutters-20 justify-content-between\">\r\n                        <span class=\"cms-ac-title-icon col-auto order-last\">\r\n                            <i aria-hidden=\"true\" class=\"cms-ac-title--icon cms-ac-title-icon-close rtl-flip cmsi-plus\"><\/i><i aria-hidden=\"true\" class=\"cms-ac-title--icon cms-ac-title-icon-open rtl-flip cmsi-minus\"><\/i>                                                    <\/span>\r\n                        <a class=\"cms-ac-title-text text-primary text-17 font-700 col\">Oficina de Miami<\/a>\r\n                    <\/div>\r\n                    <div id=\"7330858\" class=\"cms-ac-content\" style=\"display:block;\">Tel\u00e9fono: +1 (954) 8642305<br \/>\n                                        Email: mmartinez@bluedraco.us<br \/>\n                                        Address: 8140 NW 74 ave, Bay 19, Medley Fl 33166<br \/>\n                                        Horarios: Lun-Vier: 9:00am - 5:00pm<\/div>\r\n                <\/div>\r\n                            <div class=\"cms-accordion-item cms-transition\" data-target=\"#3ca828b\">\r\n                    <div class=\"cms-ac-title text-heading row gutters-20 justify-content-between\">\r\n                        <span class=\"cms-ac-title-icon col-auto order-last\">\r\n                            <i aria-hidden=\"true\" class=\"cms-ac-title--icon cms-ac-title-icon-close rtl-flip cmsi-plus\"><\/i><i aria-hidden=\"true\" class=\"cms-ac-title--icon cms-ac-title-icon-open rtl-flip cmsi-minus\"><\/i>                                                    <\/span>\r\n                        <a class=\"cms-ac-title-text text-primary text-17 font-700 col\">Oficina de Atlanta<\/a>\r\n                    <\/div>\r\n                    <div id=\"3ca828b\" class=\"cms-ac-content\">Tel\u00e9fono: +1 (954) 8642300<br \/>\n                                        Email: jsalazar@bluedraco.us<br \/>\n                                        Direcci\u00f3n: 5210 Palmero Ct Suite 103 Buford Georgia 30519<br \/>\n                                        Horarios: Lun-Vier: 9:00am - 5:00pm<\/div>\r\n                <\/div>\r\n                            <div class=\"cms-accordion-item cms-transition\" data-target=\"#c01bacc\">\r\n                    <div class=\"cms-ac-title text-heading row gutters-20 justify-content-between\">\r\n                        <span class=\"cms-ac-title-icon col-auto order-last\">\r\n                            <i aria-hidden=\"true\" class=\"cms-ac-title--icon cms-ac-title-icon-close rtl-flip cmsi-plus\"><\/i><i aria-hidden=\"true\" class=\"cms-ac-title--icon cms-ac-title-icon-open rtl-flip cmsi-minus\"><\/i>                                                    <\/span>\r\n                        <a class=\"cms-ac-title-text text-primary text-17 font-700 col\">Oficina de Venezuela<\/a>\r\n                    <\/div>\r\n                    <div id=\"c01bacc\" class=\"cms-ac-content\">Email: hdelgado@bluedraco.us<br \/>\n                                        Direcci\u00f3n: Calle real de Montesano, Almacen No.15 Maiquetia Estado\u00a0La\u00a0Guaira Venezuela 1161<br \/>\n                                        Horarios: Lun-Vier: 9:00am - 5:00pm<\/div>\r\n                <\/div>\r\n                    <\/div>\r\n    <\/div>\r\n<\/div>\t\t<\/div>\n\t\t\t\t<\/div>\n\t\t        <\/div>\n        <\/div>\n        \t\t        <\/div>\n        <\/div>\n\t\t        <div class=\"elementor-section elementor-top-section elementor-element elementor-element-2d9f23c2 elementor-section-full_width cms-full-content-with-space-start pt-120 elementor-section-height-default elementor-section-height-default cms-remove-row-no cms-section-no-padding-no cms-section-boxed-divider-false cms-overlay-gradient-mode-tb\" data-id=\"2d9f23c2\" data-element_type=\"section\" data-settings=\"{&quot;background_background&quot;:&quot;classic&quot;}\">\n\t\t\n\t\t<div class=\"cms-overlay-gradient\"><\/div><div class=\"cms-section-boxed-bg\"><\/div><div class=\"cms-section-boxed-divider\"><\/div><div class=\"cms-elementor-section-remove\"><\/div><div class=\"cms-elementor-section-corner cms-elementor-section-corner-top\"><\/div><div class=\"cms-elementor-section-corner cms-elementor-section-corner-bottom\"><\/div>        <div class=\"elementor-container elementor-column-gap-no\" >\n\t\t        <div class=\"elementor-column elementor-col-100 elementor-top-column elementor-element elementor-element-3b514088\" data-id=\"3b514088\" data-element_type=\"column\">\n        <div class=\"elementor-widget-wrap elementor-element-populated\">\n                                <div class=\"elementor-section elementor-inner-section elementor-element elementor-element-1f07249a elementor-section-full_width pl-20 pl-xl-30 pr-20 pr-md-0 elementor-section-height-default elementor-section-height-default cms-remove-row-no cms-section-no-padding-no cms-full-content-with-space-none cms-boxed-bg-false cms-section-boxed-divider-false cms-overlay-gradient-mode-tb\" data-id=\"1f07249a\" data-element_type=\"section\">\n\t\t\n\t\t<div class=\"cms-overlay-gradient\"><\/div><div class=\"cms-section-boxed-bg\"><\/div><div class=\"cms-section-boxed-divider\"><\/div><div class=\"cms-elementor-section-remove\"><\/div><div class=\"cms-elementor-section-corner cms-elementor-section-corner-top\"><\/div><div class=\"cms-elementor-section-corner cms-elementor-section-corner-bottom\"><\/div>        <div class=\"elementor-container elementor-column-gap-default\" >\n\t\t        <div class=\"elementor-column elementor-col-50 elementor-inner-column elementor-element elementor-element-11a59d26\" data-id=\"11a59d26\" data-element_type=\"column\">\n        <div class=\"elementor-widget-wrap elementor-element-populated\">\n                        \t\t<div class=\"elementor-element elementor-element-55a36d3c cms-heading-layout-3 elementor-widget elementor-widget-cms_heading\" data-id=\"55a36d3c\" data-element_type=\"widget\" data-widget_type=\"cms_heading.default\">\n\t\t\t\t<div class=\"elementor-widget-container\">\n\t\t\t<div class=\"cms-heading-wrapper text-\">\r\n        <div class=\"cms-smallheading mt-n5 mb-20 font-700  text-accent empty-none\">Un equipo profesional con m\u00e1s de 25 a\u00f1os de experiencia<\/div>\r\n    <div class=\"extra-space clearfix\"> <\/div>\r\n    <h2 class=\"cms-mainheading heading mt-n5 text-lg-37 lh-1\/46  text-white empty-none\">Continuamos persiguiendo la misma visi\u00f3n en el mundo complejo e incierto de hoy, trabajando <br \/>\na diario para ganar <br \/>\nla confianza de nuestros clientes<\/h2>\r\n    <div class=\"extra-space clearfix\"> <\/div>\r\n    <div class=\"cms-heading-desc pt-40 pt-lg-70 empty-none pr-xl-70\">    <div class=\"cms-desc-bold text-17 font-700 mb-20  text-white empty-none\">Draco cuenta con un equipo de profesionales motivados, apasionados, orientados a resultados y proyectos con m\u00e1s de 25 a\u00f1os de experiencia en operaciones comerciales, administraci\u00f3n, almacenamiento, control de inventario, adquisiciones, mejora de procesos, log\u00edstica, despacho de aduanas de importaci\u00f3n y exportaci\u00f3n, transporte LTL y FTL. .    <\/div>\r\n    <div class=\"extra-space clearfix\"> <\/div>\r\n    <div class=\"cms-desc text-17  text-custom empty-none\">El equipo de Blue Draco comprende la importancia de la calidad y la eficiencia al manejar sus env\u00edos, trabajamos con un cliente, un pedido a la vez. <br \/>\nNuestro equipo tiene la capacidad de identificar oportunidades e implementar estrategias para optimizar procesos, aumentar la eficiencia, reducir los costos operativos y crear soluciones rentables para clientes internos y externos. <br \/>\n<\/div>\r\n    <div class=\"extra-space clearfix\"> <\/div>\r\n    <\/div>\r\n<\/div>\t\t<\/div>\n\t\t\t\t<\/div>\n\t\t        <\/div>\n        <\/div>\n                <div class=\"elementor-column elementor-col-50 elementor-inner-column elementor-element elementor-element-18e4cf27\" data-id=\"18e4cf27\" data-element_type=\"column\">\n        <div class=\"elementor-widget-wrap elementor-element-populated\">\n                        \t\t<div class=\"elementor-element elementor-element-161c28a5 cms-sticky cms-locate-pointer-layout-1 elementor-widget elementor-widget-cms_locate_pointers\" data-id=\"161c28a5\" data-element_type=\"widget\" data-widget_type=\"cms_locate_pointers.default\">\n\t\t\t\t<div class=\"elementor-widget-container\">\n\t\t\t<div class=\"cms-imagepointers-wrapper\">\r\n    <div class=\"inner-content relative\">\r\n        <img \n\t\t\tclass=\"default-thumb w-100 cms-img\" \n\t\t\tsrc=\"https:\/\/bluedraco.us\/wp-content\/themes\/primous\/assets\/images\/world-map2.png\" \n\t\t\twidth=\"823\" \n\t\t\theight=\"613\" \n\t\t\talt=\"Blue Draco\" \n\t\t\/> \r\n                    <div id=\"a82e9e0\" class=\"item-pointer holder-right elementor-repeater-item-a82e9e0\">\r\n                <div class=\"item--inner\">\r\n                    <div class=\"item--image cms-ripple size-28\">\r\n                        <div class=\"item--pointer cms-circle\"><\/div>                    <\/div>\r\n                                   <\/div>\r\n            <\/div>\r\n                    <div id=\"933a875\" class=\"item-pointer holder-right elementor-repeater-item-933a875\">\r\n                <div class=\"item--inner\">\r\n                    <div class=\"item--image cms-ripple size-28\">\r\n                        <div class=\"item--pointer cms-circle\"><\/div>                    <\/div>\r\n                                   <\/div>\r\n            <\/div>\r\n                    <div id=\"38fdd60\" class=\"item-pointer holder-right elementor-repeater-item-38fdd60\">\r\n                <div class=\"item--inner\">\r\n                    <div class=\"item--image cms-ripple size-28\">\r\n                        <div class=\"item--pointer cms-circle\"><\/div>                    <\/div>\r\n                                   <\/div>\r\n            <\/div>\r\n            <\/div>\r\n<\/div>\t\t<\/div>\n\t\t\t\t<\/div>\n\t\t        <\/div>\n        <\/div>\n        \t\t        <\/div>\n        <\/div>\n\t\t\t\t<div class=\"elementor-element elementor-element-5d0fb4c9 elementor-widget elementor-widget-spacer\" data-id=\"5d0fb4c9\" data-element_type=\"widget\" data-widget_type=\"spacer.default\">\n\t\t\t\t<div class=\"elementor-widget-container\">\n\t\t\t<style>\/*! elementor - v3.8.1 - 13-11-2022 *\/\n.elementor-column .elementor-spacer-inner{height:var(--spacer-size)}.e-con{--container-widget-width:100%}.e-con-inner>.elementor-widget-spacer,.e-con>.elementor-widget-spacer{width:var(--container-widget-width,var(--spacer-size));-ms-flex-item-align:stretch;align-self:stretch;-ms-flex-negative:0;flex-shrink:0}.e-con-inner>.elementor-widget-spacer>.elementor-widget-container,.e-con-inner>.elementor-widget-spacer>.elementor-widget-container>.elementor-spacer,.e-con>.elementor-widget-spacer>.elementor-widget-container,.e-con>.elementor-widget-spacer>.elementor-widget-container>.elementor-spacer{height:100%}.e-con-inner>.elementor-widget-spacer>.elementor-widget-container>.elementor-spacer>.elementor-spacer-inner,.e-con>.elementor-widget-spacer>.elementor-widget-container>.elementor-spacer>.elementor-spacer-inner{height:var(--container-widget-height,var(--spacer-size))}<\/style>\t\t<div class=\"elementor-spacer\">\n\t\t\t<div class=\"elementor-spacer-inner\"><\/div>\n\t\t<\/div>\n\t\t\t\t<\/div>\n\t\t\t\t<\/div>\n\t\t        <\/div>\n        <\/div>\n        \t\t        <\/div>\n        <\/div>\n\t\t\t\t\t\t\t<\/div>","protected":false},"excerpt":{"rendered":"<p>Contact us and we&#8217;ll give you an answer as soon as we can! Send us your inquiry Do reach out to us, should you need any intel from your cargo status to our solutions, and we\u2019ll be happy to help you out. Submit Request &#916; Our Locations Locations Miami Office Phone: +1 (954) 8642305 Email: mmartinez@bluedraco.us Address: 8140 NW 74 ave, Bay 19, Medley Fl 33166 Hours: Mon-Fri: 9:00am &#8211; 5:00pm Atlanta Office Phone: +1 (954) 8642300 Email: jsalazar@bluedraco.us Address: 5210 Palmero Ct Suite 103 Buford Georgia 30519 Hours: Mon-Fri: 9:00am &#8211; 5:00pm Venezuela Office Email: hdelgado@bluedraco.us Address: Calle real de Montesano, Almacen No.15 Maiquetia Estado\u00a0La\u00a0Guaira Venezuela 1161 Hours: Mon-Fri: 9:00am &#8211; 5:00pm A professional team with more than 25 years of experience! We Continue To Pursue Same Vision In Today&#8217;s Complex, Uncertain World, Working Every Day To Earn Our Customers\u2019 Trust! Draco have a team of motivated, passionate, results and project-oriented professionals with more than 25 years of experience in business operations, management, warehousing, inventory control, procurement, process improvement, logistics, Import and Export Customs clearance, LTL and FTL transportation. Blue Draco\u2019s team understands the importance of quality and efficiency while handling your shipments, we work one client one order at a time. Our team has the ability to identify opportunities and implement strategies to optimize processes, increase efficiencies, reduce operational costs and create cost-effective solutions for internal and external customers.<\/p>","protected":false},"author":1,"featured_media":0,"parent":0,"menu_order":10,"comment_status":"closed","ping_status":"closed","template":"","meta":{"spay_email":""},"aioseo_notices":[],"_links":{"self":[{"href":"https:\/\/bluedraco.us\/es\/wp-json\/wp\/v2\/pages\/35"}],"collection":[{"href":"https:\/\/bluedraco.us\/es\/wp-json\/wp\/v2\/pages"}],"about":[{"href":"https:\/\/bluedraco.us\/es\/wp-json\/wp\/v2\/types\/page"}],"author":[{"embeddable":true,"href":"https:\/\/bluedraco.us\/es\/wp-json\/wp\/v2\/users\/1"}],"replies":[{"embeddable":true,"href":"https:\/\/bluedraco.us\/es\/wp-json\/wp\/v2\/comments?post=35"}],"version-history":[{"count":65,"href":"https:\/\/bluedraco.us\/es\/wp-json\/wp\/v2\/pages\/35\/revisions"}],"predecessor-version":[{"id":6342,"href":"https:\/\/bluedraco.us\/es\/wp-json\/wp\/v2\/pages\/35\/revisions\/6342"}],"wp:attachment":[{"href":"https:\/\/bluedraco.us\/es\/wp-json\/wp\/v2\/media?parent=35"}],"curies":[{"name":"wp","href":"https:\/\/api.w.org\/{rel}","templated":true}]}}