{"id":53,"date":"2022-01-12T06:42:36","date_gmt":"2022-01-12T06:42:36","guid":{"rendered":"https:\/\/demo.cmssuperheroes.com\/themeforest\/primous\/?page_id=53"},"modified":"2024-02-09T21:30:18","modified_gmt":"2024-02-09T21:30:18","slug":"request-a-quote","status":"publish","type":"page","link":"https:\/\/bluedraco.us\/es\/request-a-quote\/","title":{"rendered":"Pedir una Cotizaci\u00f3n"},"content":{"rendered":"<div data-elementor-type=\"wp-page\" data-elementor-id=\"53\" class=\"elementor elementor-53\">\n\t\t\t\t\t\t\t        <div class=\"elementor-section elementor-top-section elementor-element elementor-element-830be1c elementor-section-full_width elementor-section-height-default elementor-section-height-default cms-remove-row-no cms-section-no-padding-no cms-full-content-with-space-none cms-boxed-bg-false cms-section-boxed-divider-false cms-overlay-gradient-mode-tb\" data-id=\"830be1c\" data-element_type=\"section\">\n\t\t\n\t\t<div class=\"cms-overlay-gradient\"><\/div><div class=\"cms-section-boxed-bg\"><\/div><div class=\"cms-section-boxed-divider\"><\/div><div class=\"cms-elementor-section-remove\"><\/div><div class=\"cms-elementor-section-corner cms-elementor-section-corner-top\"><\/div><div class=\"cms-elementor-section-corner cms-elementor-section-corner-bottom\"><\/div>        <div class=\"elementor-container elementor-column-gap-no\" >\n\t\t        <div class=\"elementor-column elementor-col-100 elementor-top-column elementor-element elementor-element-323b81e\" data-id=\"323b81e\" data-element_type=\"column\">\n        <div class=\"elementor-widget-wrap elementor-element-populated\">\n                        \t\t<div class=\"elementor-element elementor-element-a89cd03 cms-page-title-layout-1 elementor-widget elementor-widget-cms_page_title\" data-id=\"a89cd03\" data-element_type=\"widget\" data-widget_type=\"cms_page_title.default\">\n\t\t\t\t<div class=\"elementor-widget-container\">\n\t\t\t<div class=\"cms-page-title-wrapper cms-overlay-gradient-1 text-\" style=\"background-image:url(https:\/\/demo.cmssuperheroes.com\/themeforest\/primous\/wp-content\/uploads\/young-man-working-warehouse-with-boxes-8.jpg);\">\r\n    <div class=\"cms-page-title-overlay cms-page-title-gradient cms-overlay-gradient\"><\/div>\r\n    <div class=\"pt-50 pt-lg-140\"><\/div>\r\n    <div class=\"container\">\r\n        <div class=\"row empty-none justify-content-\">\r\n            <div class=\"cms-page-title-content-col col-12 col-lg-10 col-xl-7\">\r\n                <div class=\"cms-page-title-content\">\r\n                        <h1 class=\"cms-mainheading cms-heading text-30 text-md-40 text-lg-50 text-xl-85 lh-1  text-white empty-none\">Pedir una Cotizaci\u00f3n<\/h1>\r\n    <div class=\"extra-space clearfix\"> <\/div>\r\n                    <div class=\"row gutters-30 gutters-grid align-items-center pt-30 empty-none justify-content-\"><\/div>\r\n                <\/div>\r\n            <\/div>\r\n        <\/div>\r\n    <\/div>\r\n    <div class=\"pt-50 pt-lg-140 d-block\"><\/div>\r\n    <div class=\"cms-pagetitle-breadcrumb p-tb-20 relative\"><div class=\"container\"><div class=\"cms-breadcrumb text-14 justify-content-start\"><div class=\"breadcrumb-item d-flex align-items-center\"><span class=\"breadcrumb-text text-white\" >Home<\/span><span class=\"breadcrumb-divider text-white cmsi-chevron-right rtl-flip\"><\/span><\/div><\/div><\/div><\/div><\/div>\t\t<\/div>\n\t\t\t\t<\/div>\n\t\t        <\/div>\n        <\/div>\n        \t\t        <\/div>\n        <\/div>\n\t\t        <div class=\"elementor-section elementor-top-section elementor-element elementor-element-771ab89 p-tb-110 elementor-reverse-tablet elementor-reverse-mobile elementor-section-boxed elementor-section-height-default elementor-section-height-default cms-remove-row-no cms-section-no-padding-no cms-boxed-bg-false cms-section-boxed-divider-false cms-overlay-gradient-mode-tb\" data-id=\"771ab89\" data-element_type=\"section\">\n\t\t\n\t\t<div class=\"cms-overlay-gradient\"><\/div><div class=\"cms-section-boxed-bg\"><\/div><div class=\"cms-section-boxed-divider\"><\/div><div class=\"cms-elementor-section-remove\"><\/div><div class=\"cms-elementor-section-corner cms-elementor-section-corner-top\"><\/div><div class=\"cms-elementor-section-corner cms-elementor-section-corner-bottom\"><\/div>        <div class=\"elementor-container elementor-column-gap-default\" >\n\t\t        <div class=\"elementor-column elementor-col-100 elementor-top-column elementor-element elementor-element-00f0ca0\" data-id=\"00f0ca0\" data-element_type=\"column\">\n        <div class=\"elementor-widget-wrap elementor-element-populated\">\n                        \t\t<div class=\"elementor-element elementor-element-aa133fa cms-cf7-layout-1 elementor-widget elementor-widget-cms_ctf7\" data-id=\"aa133fa\" data-element_type=\"widget\" data-widget_type=\"cms_ctf7.default\">\n\t\t\t\t<div class=\"elementor-widget-container\">\n\t\t\t<div class=\"cms-cf7 relative\">\r\n    <div class=\"cms-cf7-inner\">\r\n        <div class=\"cms-banner\">\r\n            <div class=\"cms-cf7-banner-inner\">\r\n                    <div class=\"cms-desc text-17 mb-35  text-body empty-none\">\u00bfBuscas un transporte confiable y rentable para tus mercanc\u00edas? Simplemente proporciona tus datos de contacto a continuaci\u00f3n y presiona 'Enviar Petici\u00f3n'. Estaremos en contacto contigo en breve para discutir tus necesidades log\u00edsticas y proporcionarte una cotizaci\u00f3n personalizada. O si lo prefieres, puedes indicarnos un horario conveniente para que te contactemos (Puedes incluirlo en 'Detalles adicionales').<\/div>\r\n    <div class=\"extra-space clearfix\"> <\/div>\r\n            <\/div>\r\n        <\/div>\r\n        <div role=\"form\" class=\"wpcf7\" id=\"wpcf7-f6288-o1\" lang=\"en-US\" dir=\"ltr\">\n<div class=\"screen-reader-response\"><p role=\"status\" aria-live=\"polite\" aria-atomic=\"true\"><\/p> <ul><\/ul><\/div>\n<form action=\"\/es\/wp-json\/wp\/v2\/pages\/53#wpcf7-f6288-o1\" method=\"post\" class=\"wpcf7-form init\" novalidate=\"novalidate\" data-status=\"init\" data-trp-original-action=\"\/es\/wp-json\/wp\/v2\/pages\/53#wpcf7-f6288-o1\">\n<div style=\"display: none;\">\n<input type=\"hidden\" name=\"_wpcf7\" value=\"6288\" \/>\n<input type=\"hidden\" name=\"_wpcf7_version\" value=\"5.6.4\" \/>\n<input type=\"hidden\" name=\"_wpcf7_locale\" value=\"en_US\" \/>\n<input type=\"hidden\" name=\"_wpcf7_unit_tag\" value=\"wpcf7-f6288-o1\" \/>\n<input type=\"hidden\" name=\"_wpcf7_container_post\" value=\"0\" \/>\n<input type=\"hidden\" name=\"_wpcf7_posted_data_hash\" value=\"\" \/>\n<input type=\"hidden\" name=\"_wpcf7cf_hidden_group_fields\" value=\"[]\" \/>\n<input type=\"hidden\" name=\"_wpcf7cf_hidden_groups\" value=\"[]\" \/>\n<input type=\"hidden\" name=\"_wpcf7cf_visible_groups\" value=\"[]\" \/>\n<input type=\"hidden\" name=\"_wpcf7cf_repeaters\" value=\"[]\" \/>\n<input type=\"hidden\" name=\"_wpcf7cf_steps\" value=\"{}\" \/>\n<input type=\"hidden\" name=\"_wpcf7cf_options\" value=\"{&quot;form_id&quot;:6288,&quot;conditions&quot;:[],&quot;settings&quot;:{&quot;animation&quot;:&quot;no&quot;,&quot;animation_intime&quot;:&quot;200&quot;,&quot;animation_outtime&quot;:&quot;200&quot;,&quot;conditions_ui&quot;:&quot;normal&quot;,&quot;notice_dismissed&quot;:&quot;&quot;}}\" \/>\n<input type=\"hidden\" name=\"_wpcf7_recaptcha_response\" value=\"\" \/>\n<\/div>\n<div class=\"row gutters-grid\">\n <div class=\"col-lg-4\"><span class=\"wpcf7-form-control-wrap\" data-name=\"your-name\"><input type=\"text\" name=\"your-name\" value=\"\" size=\"40\" class=\"wpcf7-form-control wpcf7-text wpcf7-validates-as-required\" aria-required=\"true\" aria-invalid=\"false\" placeholder=\"Nombre de la Compa\u00f1\u00eda\" \/><\/span><\/div>\n <div class=\"col-lg-4\"><span class=\"wpcf7-form-control-wrap\" data-name=\"your-email\"><input type=\"email\" name=\"your-email\" value=\"\" size=\"40\" class=\"wpcf7-form-control wpcf7-text wpcf7-email wpcf7-validates-as-required wpcf7-validates-as-email\" aria-required=\"true\" aria-invalid=\"false\" placeholder=\"Email\" \/><\/span><\/div>\n <div class=\"col-lg-4\"><span class=\"wpcf7-form-control-wrap\" data-name=\"your-phone\"><input type=\"tel\" name=\"your-phone\" value=\"\" size=\"40\" class=\"wpcf7-form-control wpcf7-text wpcf7-tel wpcf7-validates-as-required wpcf7-validates-as-tel\" aria-required=\"true\" aria-invalid=\"false\" placeholder=\"Tel\u00e9fono\" \/><\/span><\/div>\n <div class=\"col-12\"><span class=\"wpcf7-form-control-wrap\" data-name=\"your-message\"><textarea name=\"your-message\" cols=\"40\" rows=\"10\" class=\"wpcf7-form-control wpcf7-textarea\" aria-invalid=\"false\" placeholder=\"Detalles Adicionales\"><\/textarea><\/span><\/div>\n <div class=\"col-12\"><div class=\"cms-submit\"><button type=\"submit\" class=\"wpcf7-form-control wpcf7-submit btn btn-fill btn-xl btn-primary btn-hover-accent btn-block w-100 btn-content-between\"><span class=\"cms-btn-content\"><span class=\"cms-btn-text\">Enviar Petici\u00f3n<\/span><span class=\"wpcf7-submit-icon cms-btn-icon cmsi-arrow-circle-right text-36\"><\/span><\/span><\/button><\/div><\/div>\n<\/div><p style=\"display: none !important;\"><label>&#916;<textarea name=\"_wpcf7_ak_hp_textarea\" cols=\"45\" rows=\"8\" maxlength=\"100\"><\/textarea><\/label><input type=\"hidden\" id=\"ak_js_1\" name=\"_wpcf7_ak_js\" value=\"239\"\/><script>document.getElementById( \"ak_js_1\" ).setAttribute( \"value\", ( new Date() ).getTime() );<\/script><\/p><div class=\"wpcf7-response-output\" aria-hidden=\"true\"><\/div><input type=\"hidden\" value=\"no\" id=\"cf7-calculator-enable\" ><input type=\"hidden\" value=\"2\" id=\"cf7-calculator-decimals\" ><input type=\"hidden\" value=\".\" id=\"cf7-calculator-separator\" ><input type=\"hidden\" value=\",\" id=\"cf7-calculator-thousand\" ><input type=\"hidden\" value=\"yes\" id=\"cf7-calculator-right\" ><input type=\"hidden\" value=\"\" id=\"cf7-calculator-currency\" ><input type=\"hidden\" value=\"left\" id=\"cf7-calculator-currency_position\" >\r\n            <style type=\"text\/css\" >\r\n                .cf7-hide {\r\n                    display: none !important;\r\n                }\r\n                .cf7-calculated-name {\r\n                    width: 100%;\r\n                    display: inline-block;\r\n                }\r\n            <\/style>\r\n            <style type=\"text\/css\" >\r\n                .ctf7-total, .cf7-calculated-name {\r\n                    text-align: right !important;\r\n                }\r\n\r\n            <\/style><input type=\"hidden\" name=\"trp-form-language\" value=\"es\"\/><\/form><\/div>            <\/div>\r\n<\/div>\t\t<\/div>\n\t\t\t\t<\/div>\n\t\t        <\/div>\n        <\/div>\n        \t\t        <\/div>\n        <\/div>\n\t\t        <div class=\"elementor-section elementor-top-section elementor-element elementor-element-7074ccc bg-161616  mb-n160 elementor-section-boxed elementor-section-height-default elementor-section-height-default cms-remove-row-no cms-section-no-padding-no cms-boxed-bg-false cms-section-boxed-divider-false cms-overlay-gradient-mode-tb\" data-id=\"7074ccc\" data-element_type=\"section\" data-settings=\"{&quot;background_background&quot;:&quot;classic&quot;}\">\n\t\t\n\t\t<div class=\"cms-overlay-gradient\"><\/div><div class=\"cms-section-boxed-bg\"><\/div><div class=\"cms-section-boxed-divider\"><\/div><div class=\"cms-elementor-section-remove\"><\/div><div class=\"cms-elementor-section-corner cms-elementor-section-corner-top\"><\/div><div class=\"cms-elementor-section-corner cms-elementor-section-corner-bottom\"><\/div>        <div class=\"elementor-container elementor-column-gap-default\" >\n\t\t        <div class=\"elementor-column elementor-col-100 elementor-top-column elementor-element elementor-element-f95c76a\" data-id=\"f95c76a\" data-element_type=\"column\">\n        <div class=\"elementor-widget-wrap elementor-element-populated\">\n                        \t\t<div class=\"elementor-element elementor-element-5ef2eda elementor-widget elementor-widget-spacer\" data-id=\"5ef2eda\" data-element_type=\"widget\" data-widget_type=\"spacer.default\">\n\t\t\t\t<div class=\"elementor-widget-container\">\n\t\t\t<style>\/*! elementor - v3.8.1 - 13-11-2022 *\/\n.elementor-column .elementor-spacer-inner{height:var(--spacer-size)}.e-con{--container-widget-width:100%}.e-con-inner>.elementor-widget-spacer,.e-con>.elementor-widget-spacer{width:var(--container-widget-width,var(--spacer-size));-ms-flex-item-align:stretch;align-self:stretch;-ms-flex-negative:0;flex-shrink:0}.e-con-inner>.elementor-widget-spacer>.elementor-widget-container,.e-con-inner>.elementor-widget-spacer>.elementor-widget-container>.elementor-spacer,.e-con>.elementor-widget-spacer>.elementor-widget-container,.e-con>.elementor-widget-spacer>.elementor-widget-container>.elementor-spacer{height:100%}.e-con-inner>.elementor-widget-spacer>.elementor-widget-container>.elementor-spacer>.elementor-spacer-inner,.e-con>.elementor-widget-spacer>.elementor-widget-container>.elementor-spacer>.elementor-spacer-inner{height:var(--container-widget-height,var(--spacer-size))}<\/style>\t\t<div class=\"elementor-spacer\">\n\t\t\t<div class=\"elementor-spacer-inner\"><\/div>\n\t\t<\/div>\n\t\t\t\t<\/div>\n\t\t\t\t<\/div>\n\t\t        <\/div>\n        <\/div>\n        \t\t        <\/div>\n        <\/div>\n\t\t        <div class=\"elementor-section elementor-top-section elementor-element elementor-element-6c6b2cf elementor-section-boxed elementor-section-height-default elementor-section-height-default cms-remove-row-no cms-section-no-padding-no cms-boxed-bg-false cms-section-boxed-divider-false cms-overlay-gradient-mode-tb\" data-id=\"6c6b2cf\" data-element_type=\"section\">\n\t\t\n\t\t<div class=\"cms-overlay-gradient\"><\/div><div class=\"cms-section-boxed-bg\"><\/div><div class=\"cms-section-boxed-divider\"><\/div><div class=\"cms-elementor-section-remove\"><\/div><div class=\"cms-elementor-section-corner cms-elementor-section-corner-top\"><\/div><div class=\"cms-elementor-section-corner cms-elementor-section-corner-bottom\"><\/div>        <div class=\"elementor-container elementor-column-gap-default\" >\n\t\t        <div class=\"elementor-column elementor-col-100 elementor-top-column elementor-element elementor-element-1ee551c\" data-id=\"1ee551c\" data-element_type=\"column\">\n        <div class=\"elementor-widget-wrap elementor-element-populated\">\n                        \t\t<div class=\"elementor-element elementor-element-cfa09c1 cms-maps-layout-1 cms-accordion cms-accordion-layout-1 elementor-widget elementor-widget-cms_map\" data-id=\"cfa09c1\" data-element_type=\"widget\" data-widget_type=\"cms_map.default\">\n\t\t\t\t<div class=\"elementor-widget-container\">\n\t\t\t<div class=\"cms-map-wrapper relative cms-map-height d-flex align-items-center mapstart\">\r\n    <div class=\"cms-map-img\"><a href=\"https:\/\/maps.google.com\" target=\"_self\" class=\"d-block overflow-hidden cms-map-height\"><img width=\"1920\" height=\"1080\" src=\"https:\/\/bluedraco.us\/wp-content\/uploads\/2022\/12\/Servicios-y-Soluciones-2-1.pdf.png\" class=\"img-cover w-100 h-100 cms-img\" alt=\"\" srcset=\"https:\/\/bluedraco.us\/wp-content\/uploads\/2022\/12\/Servicios-y-Soluciones-2-1.pdf.png 1920w, https:\/\/bluedraco.us\/wp-content\/uploads\/2022\/12\/Servicios-y-Soluciones-2-1.pdf-1536x864.png 1536w, https:\/\/bluedraco.us\/wp-content\/uploads\/2022\/12\/Servicios-y-Soluciones-2-1.pdf-18x10.png 18w, https:\/\/bluedraco.us\/wp-content\/uploads\/2022\/12\/Servicios-y-Soluciones-2-1.pdf-1022x575.png 1022w, https:\/\/bluedraco.us\/wp-content\/uploads\/2022\/12\/Servicios-y-Soluciones-2-1.pdf-600x338.png 600w\" sizes=\"(max-width: 1920px) 100vw, 1920px\" \/><\/a><\/div>    <div class=\"container relative z-top\">\r\n        <div id=\"cms_map-cfa09c1\" class=\"cms-accordion cms-shadow-1 bg-white\">\r\n                            <div class=\"cms-heading text-white text-20 bg-accent p-lr-40 p-tb-30\">\r\n                    Ubicaciones                <\/div>\r\n                                        <div class=\"cms-accordion-item cms-transition active\" data-target=\"#7330858\">\r\n                    <div class=\"cms-ac-title text-heading row gutters-20 justify-content-between\">\r\n                        <span class=\"cms-ac-title-icon col-auto order-last\">\r\n                            <i aria-hidden=\"true\" class=\"cms-ac-title--icon cms-ac-title-icon-close rtl-flip cmsi-plus\"><\/i><i aria-hidden=\"true\" class=\"cms-ac-title--icon cms-ac-title-icon-open rtl-flip cmsi-minus\"><\/i>                                                    <\/span>\r\n                        <a class=\"cms-ac-title-text text-primary text-17 font-700 col\">Oficina de Miami<\/a>\r\n                    <\/div>\r\n                    <div id=\"7330858\" class=\"cms-ac-content\" style=\"display:block;\">Phone: +1 (786) 245-7161<br \/>\n                                        Email: info@bluedraco.us<br \/>\n                                        Direcci\u00f3n: 3409 NW 72nd Avenue Suite A Miami Fl 33122<br \/>\n                                        Horarios: Lun-Vier: 9am \u2013 5pm<\/div>\r\n                <\/div>\r\n                            <div class=\"cms-accordion-item cms-transition\" data-target=\"#0ccc4eb\">\r\n                    <div class=\"cms-ac-title text-heading row gutters-20 justify-content-between\">\r\n                        <span class=\"cms-ac-title-icon col-auto order-last\">\r\n                            <i aria-hidden=\"true\" class=\"cms-ac-title--icon cms-ac-title-icon-close rtl-flip cmsi-plus\"><\/i><i aria-hidden=\"true\" class=\"cms-ac-title--icon cms-ac-title-icon-open rtl-flip cmsi-minus\"><\/i>                                                    <\/span>\r\n                        <a class=\"cms-ac-title-text text-primary text-17 font-700 col\">Oficina de Venezuela<\/a>\r\n                    <\/div>\r\n                    <div id=\"0ccc4eb\" class=\"cms-ac-content\">Email: hdelgado@bluedraco.us<br \/>\n                                        Address: Calle real de Montesano, Almacen No.15 Maiquetia Estado La Guaira Venezuela 1161<br \/>\n                                        Horarios: Lun-Vier: 9am \u2013 5pm<\/div>\r\n                <\/div>\r\n                    <\/div>\r\n    <\/div>\r\n<\/div>\t\t<\/div>\n\t\t\t\t<\/div>\n\t\t        <\/div>\n        <\/div>\n        \t\t        <\/div>\n        <\/div>\n\t\t\t\t\t\t\t<\/div>","protected":false},"excerpt":{"rendered":"<p>Request A Quote Home Looking for reliable and cost-effective transportation for your commodities? Simply provide your contact details below and hit &#8216;Submit Request&#8217;. We&#8217;ll be in touch with you shortly to discuss your logistics needs and provide a personalized quote. Or, feel free to leave a convenient time for us to reach out to you as per your preference (You can include it in &#8216;Additional Details&#8217;). Submit Request &#916; Locations Miami Office Phone: +1 (786) 245-7161 Email: info@bluedraco.us Address: 3409 NW 72nd Avenue Suite A Miami Fl 33122 Hours: Mon-Fri: 9am \u2013 5pm Venezuela Office Email: hdelgado@bluedraco.us Address: Calle real de Montesano, Almacen No.15 Maiquetia Estado La Guaira Venezuela 1161 Hours: Mon-Fri: 9am \u2013 5pm<\/p>","protected":false},"author":1,"featured_media":0,"parent":0,"menu_order":19,"comment_status":"closed","ping_status":"closed","template":"","meta":{"spay_email":""},"aioseo_notices":[],"_links":{"self":[{"href":"https:\/\/bluedraco.us\/es\/wp-json\/wp\/v2\/pages\/53"}],"collection":[{"href":"https:\/\/bluedraco.us\/es\/wp-json\/wp\/v2\/pages"}],"about":[{"href":"https:\/\/bluedraco.us\/es\/wp-json\/wp\/v2\/types\/page"}],"author":[{"embeddable":true,"href":"https:\/\/bluedraco.us\/es\/wp-json\/wp\/v2\/users\/1"}],"replies":[{"embeddable":true,"href":"https:\/\/bluedraco.us\/es\/wp-json\/wp\/v2\/comments?post=53"}],"version-history":[{"count":36,"href":"https:\/\/bluedraco.us\/es\/wp-json\/wp\/v2\/pages\/53\/revisions"}],"predecessor-version":[{"id":6487,"href":"https:\/\/bluedraco.us\/es\/wp-json\/wp\/v2\/pages\/53\/revisions\/6487"}],"wp:attachment":[{"href":"https:\/\/bluedraco.us\/es\/wp-json\/wp\/v2\/media?parent=53"}],"curies":[{"name":"wp","href":"https:\/\/api.w.org\/{rel}","templated":true}]}}