{"id":55,"date":"2022-01-12T06:42:47","date_gmt":"2022-01-12T06:42:47","guid":{"rendered":"https:\/\/demo.cmssuperheroes.com\/themeforest\/primous\/?page_id=55"},"modified":"2023-10-11T21:15:59","modified_gmt":"2023-10-11T21:15:59","slug":"track-trace","status":"publish","type":"page","link":"https:\/\/bluedraco.us\/es\/track-trace\/","title":{"rendered":"Seguimiento"},"content":{"rendered":"<div data-elementor-type=\"wp-page\" data-elementor-id=\"55\" class=\"elementor elementor-55\">\n\t\t\t\t\t\t\t        <div class=\"elementor-section elementor-top-section elementor-element elementor-element-d26fecd elementor-section-full_width elementor-section-height-default elementor-section-height-default cms-remove-row-no cms-section-no-padding-no cms-full-content-with-space-none cms-boxed-bg-false cms-section-boxed-divider-false cms-overlay-gradient-mode-tb\" data-id=\"d26fecd\" data-element_type=\"section\">\n\t\t\n\t\t<div class=\"cms-overlay-gradient\"><\/div><div class=\"cms-section-boxed-bg\"><\/div><div class=\"cms-section-boxed-divider\"><\/div><div class=\"cms-elementor-section-remove\"><\/div><div class=\"cms-elementor-section-corner cms-elementor-section-corner-top\"><\/div><div class=\"cms-elementor-section-corner cms-elementor-section-corner-bottom\"><\/div>        <div class=\"elementor-container elementor-column-gap-no\" >\n\t\t        <div class=\"elementor-column elementor-col-100 elementor-top-column elementor-element elementor-element-f7e6765\" data-id=\"f7e6765\" data-element_type=\"column\">\n        <div class=\"elementor-widget-wrap elementor-element-populated\">\n                        \t\t<div class=\"elementor-element elementor-element-57da44e cms-page-title-layout-1 elementor-widget elementor-widget-cms_page_title\" data-id=\"57da44e\" data-element_type=\"widget\" data-widget_type=\"cms_page_title.default\">\n\t\t\t\t<div class=\"elementor-widget-container\">\n\t\t\t<div class=\"cms-page-title-wrapper cms-overlay-gradient-1 text-\" style=\"background-image:url(https:\/\/demo.cmssuperheroes.com\/themeforest\/primous\/wp-content\/uploads\/slider2.jpg);\">\r\n    <div class=\"cms-page-title-overlay cms-page-title-gradient cms-overlay-gradient\"><\/div>\r\n    <div class=\"pt-50 pt-lg-140\"><\/div>\r\n    <div class=\"container\">\r\n        <div class=\"row empty-none justify-content-\">\r\n            <div class=\"cms-page-title-content-col col-12 col-lg-10 col-xl-7\">\r\n                <div class=\"cms-page-title-content\">\r\n                        <h1 class=\"cms-mainheading cms-heading text-30 text-md-40 text-lg-50 text-xl-85 lh-1  text-white empty-none\">Seguimiento<\/h1>\r\n    <div class=\"extra-space clearfix\"> <\/div>\r\n                    <div class=\"row gutters-30 gutters-grid align-items-center pt-30 empty-none justify-content-\"><\/div>\r\n                <\/div>\r\n            <\/div>\r\n        <\/div>\r\n    <\/div>\r\n    <div class=\"pt-50 pt-lg-140 d-block\"><\/div>\r\n    <div class=\"cms-pagetitle-breadcrumb p-tb-20 relative\"><div class=\"container\"><div class=\"cms-breadcrumb text-14 justify-content-start\"><div class=\"breadcrumb-item d-flex align-items-center\"><span class=\"breadcrumb-text text-white\" >Home<\/span><span class=\"breadcrumb-divider text-white cmsi-chevron-right rtl-flip\"><\/span><\/div><\/div><\/div><\/div><\/div>\t\t<\/div>\n\t\t\t\t<\/div>\n\t\t        <\/div>\n        <\/div>\n        \t\t        <\/div>\n        <\/div>\n\t\t        <div class=\"elementor-section elementor-top-section elementor-element elementor-element-1cb9450f pt-110 pb-90 elementor-reverse-tablet elementor-reverse-mobile elementor-section-boxed elementor-section-height-default elementor-section-height-default cms-remove-row-no cms-section-no-padding-no cms-boxed-bg-false cms-section-boxed-divider-false cms-overlay-gradient-mode-tb\" data-id=\"1cb9450f\" data-element_type=\"section\">\n\t\t\n\t\t<div class=\"cms-overlay-gradient\"><\/div><div class=\"cms-section-boxed-bg\"><\/div><div class=\"cms-section-boxed-divider\"><\/div><div class=\"cms-elementor-section-remove\"><\/div><div class=\"cms-elementor-section-corner cms-elementor-section-corner-top\"><\/div><div class=\"cms-elementor-section-corner cms-elementor-section-corner-bottom\"><\/div>        <div class=\"elementor-container elementor-column-gap-default\" >\n\t\t        <div class=\"elementor-column elementor-col-100 elementor-top-column elementor-element elementor-element-3a5a5ead\" data-id=\"3a5a5ead\" data-element_type=\"column\">\n        <div class=\"elementor-widget-wrap elementor-element-populated\">\n                        \t\t<div class=\"elementor-element elementor-element-9cc7782 elementor-widget elementor-widget-cms_button\" data-id=\"9cc7782\" data-element_type=\"widget\" data-widget_type=\"cms_button.default\">\n\t\t\t\t<div class=\"elementor-widget-container\">\n\t\t\t<div class=\"cms-headings cms-button-headings empty-none text-center  text-lg-center\">    <h4 class=\"cms-smallheading mt-n5 mb-25  text-accent empty-none\">Mant\u00e9n el control de tu viaje log\u00edstico<\/h4>\r\n    <div class=\"extra-space clearfix\"> <\/div>\r\n    <h1 class=\"cms-mainheading cms-heading mt-n5 mb-25  text-heading empty-none\">Rastrea tu env\u00edo con <p style=\"color: #106cb8;\">Blue Draco<\/p><\/h1>\r\n    <div class=\"extra-space clearfix\"> <\/div>\r\n    <div class=\"cms-desc mb-30  text-body empty-none\">En nuestro portal, puedes acceder f\u00e1cilmente a informaci\u00f3n de seguimiento en tiempo real y mantenerte informado sobre el estado de tus env\u00edos. <br \/>\nMant\u00e9n el control de tu env\u00edo haciendo clic en el bot\u00f3n de abajo:<\/div>\r\n    <div class=\"extra-space clearfix\"> <\/div>\r\n<\/div>\r\n        <div class=\"cms-btn-wraps  text-center  text-lg-center\" >\r\n                <a href=\"https:\/\/blue_draco_global_logistics.qwykportals.com\" class=\"btn btn-fill btn-style-1 btn-accent btn-hover-primary btn-lg\">\r\n                <span class=\"cms-btn-content cms-btn-content- justify-content-center justify-content-lg-center\">\r\n                                                    <span aria-hidden=\"true\" class=\"cms-icon cms-btn-icon order-last icon-outline-no rtl-flip cmsi-arrow-right\" style=\"\"><\/span>                                                <span class=\"cms-btn-text text-center\">Ir al portal<\/span>\r\n                                    <\/span>\r\n            <\/a>\r\n                <\/div>\r\n    \t\t<\/div>\n\t\t\t\t<\/div>\n\t\t        <\/div>\n        <\/div>\n        \t\t        <\/div>\n        <\/div>\n\t\t        <div class=\"elementor-section elementor-top-section elementor-element elementor-element-dae30cf pt-110 pb-90 elementor-reverse-tablet elementor-reverse-mobile elementor-section-boxed elementor-section-height-default elementor-section-height-default cms-remove-row-no cms-section-no-padding-no cms-boxed-bg-false cms-section-boxed-divider-false cms-overlay-gradient-mode-tb\" data-id=\"dae30cf\" data-element_type=\"section\">\n\t\t\n\t\t<div class=\"cms-overlay-gradient\"><\/div><div class=\"cms-section-boxed-bg\"><\/div><div class=\"cms-section-boxed-divider\"><\/div><div class=\"cms-elementor-section-remove\"><\/div><div class=\"cms-elementor-section-corner cms-elementor-section-corner-top\"><\/div><div class=\"cms-elementor-section-corner cms-elementor-section-corner-bottom\"><\/div>        <div class=\"elementor-container elementor-column-gap-default\" >\n\t\t        <div class=\"elementor-column elementor-col-100 elementor-top-column elementor-element elementor-element-5296281\" data-id=\"5296281\" data-element_type=\"column\">\n        <div class=\"elementor-widget-wrap elementor-element-populated\">\n                        \t\t<div class=\"elementor-element elementor-element-4518079 cms-cf7-layout-1 elementor-widget elementor-widget-cms_ctf7\" data-id=\"4518079\" data-element_type=\"widget\" data-widget_type=\"cms_ctf7.default\">\n\t\t\t\t<div class=\"elementor-widget-container\">\n\t\t\t<div class=\"cms-cf7 relative\">\r\n    <div class=\"cms-cf7-inner\">\r\n        <div class=\"cms-banner\">\r\n            <div class=\"cms-cf7-banner-inner\">\r\n                    <h4 class=\"cms-mainheading cms-heading mt-n5 mb-8 text-24  text-heading empty-none\">Rastrea tu env\u00edo con Fedex o DHL <\/h4>\r\n    <div class=\"extra-space clearfix\"> <\/div>\r\n    <div class=\"cms-desc text-17 mb-35  text-body empty-none\">Elija tu empresa de env\u00edo e introduzca su n\u00famero de seguimiento<\/div>\r\n    <div class=\"extra-space clearfix\"> <\/div>\r\n            <\/div>\r\n        <\/div>\r\n        <div role=\"form\" class=\"wpcf7\" id=\"wpcf7-f5502-o1\" lang=\"en-US\" dir=\"ltr\">\n<div class=\"screen-reader-response\"><p role=\"status\" aria-live=\"polite\" aria-atomic=\"true\"><\/p> <ul><\/ul><\/div>\n<form action=\"\/es\/wp-json\/wp\/v2\/pages\/55#wpcf7-f5502-o1\" method=\"post\" class=\"wpcf7-form init\" novalidate=\"novalidate\" data-status=\"init\" data-trp-original-action=\"\/es\/wp-json\/wp\/v2\/pages\/55#wpcf7-f5502-o1\">\n<div style=\"display: none;\">\n<input type=\"hidden\" name=\"_wpcf7\" value=\"5502\" \/>\n<input type=\"hidden\" name=\"_wpcf7_version\" value=\"5.6.4\" \/>\n<input type=\"hidden\" name=\"_wpcf7_locale\" value=\"en_US\" \/>\n<input type=\"hidden\" name=\"_wpcf7_unit_tag\" value=\"wpcf7-f5502-o1\" \/>\n<input type=\"hidden\" name=\"_wpcf7_container_post\" value=\"0\" \/>\n<input type=\"hidden\" name=\"_wpcf7_posted_data_hash\" value=\"\" \/>\n<input type=\"hidden\" name=\"_wpcf7cf_hidden_group_fields\" value=\"[]\" \/>\n<input type=\"hidden\" name=\"_wpcf7cf_hidden_groups\" value=\"[]\" \/>\n<input type=\"hidden\" name=\"_wpcf7cf_visible_groups\" value=\"[]\" \/>\n<input type=\"hidden\" name=\"_wpcf7cf_repeaters\" value=\"[]\" \/>\n<input type=\"hidden\" name=\"_wpcf7cf_steps\" value=\"{}\" \/>\n<input type=\"hidden\" name=\"_wpcf7cf_options\" value=\"{&quot;form_id&quot;:5502,&quot;conditions&quot;:[{&quot;then_field&quot;:&quot;company&quot;,&quot;and_rules&quot;:[{&quot;if_field&quot;:&quot;ShippingCompany&quot;,&quot;operator&quot;:&quot;equals&quot;,&quot;if_value&quot;:&quot;FedEx&quot;}]},{&quot;then_field&quot;:&quot;company2&quot;,&quot;and_rules&quot;:[{&quot;if_field&quot;:&quot;ShippingCompany&quot;,&quot;operator&quot;:&quot;equals&quot;,&quot;if_value&quot;:&quot;DHL Express&quot;}]}],&quot;settings&quot;:{&quot;animation&quot;:&quot;no&quot;,&quot;animation_intime&quot;:&quot;200&quot;,&quot;animation_outtime&quot;:&quot;200&quot;,&quot;conditions_ui&quot;:&quot;normal&quot;,&quot;notice_dismissed&quot;:&quot;&quot;}}\" \/>\n<input type=\"hidden\" name=\"_wpcf7_recaptcha_response\" value=\"\" \/>\n<\/div>\n<div class=\"text-heading font-700 pb-12\">Compa\u00f1\u00eda de env\u00edos<\/div>\n<div class=\"pb-35\"> <span class=\"wpcf7-form-control-wrap\" data-name=\"ShippingCompany\"><select name=\"ShippingCompany\" class=\"wpcf7-form-control wpcf7-select wpcf7-validates-as-required\" aria-required=\"true\" aria-invalid=\"false\"><option value=\"\">Elija una opci\u00f3n<\/option><option value=\"FedEx\">FedEx<\/option><option value=\"DHL Express\">DHL Express<\/option><\/select><\/span><\/div>\n  <div class=\"text-heading font-700 pb-12\"><div data-id=\"company\" data-orig_data_id=\"company\"  data-class=\"wpcf7cf_group\">N\u00famero de seguimiento de FedEx<span class=\"wpcf7-form-control-wrap\" data-name=\"fedex-tracking-numbers\"><textarea name=\"fedex-tracking-numbers\" cols=\"40\" rows=\"10\" class=\"wpcf7-form-control wpcf7-textarea wpcf7-validates-as-required\" aria-required=\"true\" aria-invalid=\"false\" placeholder=\"Ingrese su n\u00famero de seguimiento de FedEx\"><\/textarea><\/span><\/div><div data-id=\"company2\" data-orig_data_id=\"company2\"  data-class=\"wpcf7cf_group\">N\u00famero de seguimiento de DHL Express<span class=\"wpcf7-form-control-wrap\" data-name=\"dhl-tracking-numbers\"><textarea name=\"dhl-tracking-numbers\" cols=\"40\" rows=\"10\" class=\"wpcf7-form-control wpcf7-textarea wpcf7-validates-as-required\" aria-required=\"true\" aria-invalid=\"false\" placeholder=\"Ingrese su n\u00famero de seguimiento de DHL Express\"><\/textarea><\/span><\/div><\/div>\n<div class=\"pt-30\"><div class=\"cms-submit\"><button type=\"submit\" class=\"wpcf7-form-control wpcf7-submit btn btn-fill btn-xl btn-primary btn-hover-accent btn-block w-100 btn-content-between\" id=\"12\"><span class=\"cms-btn-content\"><span class=\"cms-btn-text\">Seguimiento y Rastreo<\/span><span class=\"wpcf7-submit-icon cms-btn-icon cmsi-arrow-circle-right text-36\"><\/span><\/span><\/button><\/div><\/div>\n\n<script>\ndocument.addEventListener( 'wpcf7submit', function( event ) {\n  if ( '5502' == event.detail.contactFormId ) {\n    var inputs = event.detail.inputs;\n    for ( var i = 0; i < inputs.length; i++ ) {\n    if ( 'fedex-tracking-numbers' == inputs[i].name && inputs[i].value != \"\") {\n       location = 'https:\/\/www.fedex.com\/fedextrack\/?trknbr='+inputs[i].value;\n       break;\n    }else if( 'dhl-tracking-numbers' == inputs[i].name && inputs[i].value != \"\"){\n       location = 'https:\/\/www.dhl.com\/us-en\/home\/tracking\/tracking-express.html?submit=1&tracking-id='+inputs[i].value;\n        break;\n      }\n   }\n  }\n}, false );\n<\/script><p style=\"display: none !important;\"><label>&#916;<textarea name=\"_wpcf7_ak_hp_textarea\" cols=\"45\" rows=\"8\" maxlength=\"100\"><\/textarea><\/label><input type=\"hidden\" id=\"ak_js_1\" name=\"_wpcf7_ak_js\" value=\"99\"\/><script>document.getElementById( \"ak_js_1\" ).setAttribute( \"value\", ( new Date() ).getTime() );<\/script><\/p><div class=\"wpcf7-response-output\" aria-hidden=\"true\"><\/div><input type=\"hidden\" value=\"no\" id=\"cf7-calculator-enable\" ><input type=\"hidden\" value=\"2\" id=\"cf7-calculator-decimals\" ><input type=\"hidden\" value=\".\" id=\"cf7-calculator-separator\" ><input type=\"hidden\" value=\",\" id=\"cf7-calculator-thousand\" ><input type=\"hidden\" value=\"no\" id=\"cf7-calculator-right\" ><input type=\"hidden\" value=\"\" id=\"cf7-calculator-currency\" ><input type=\"hidden\" value=\"left\" id=\"cf7-calculator-currency_position\" >\r\n            <style type=\"text\/css\" >\r\n                .cf7-hide {\r\n                    display: none !important;\r\n                }\r\n                .cf7-calculated-name {\r\n                    width: 100%;\r\n                    display: inline-block;\r\n                }\r\n            <\/style><input type=\"hidden\" name=\"trp-form-language\" value=\"es\"\/><\/form><\/div>            <\/div>\r\n<\/div>\t\t<\/div>\n\t\t\t\t<\/div>\n\t\t        <\/div>\n        <\/div>\n        \t\t        <\/div>\n        <\/div>\n\t\t        <div class=\"elementor-section elementor-top-section elementor-element elementor-element-1616b7fb elementor-section-full_width cms-section-boxed-divider-true cms-boxed-divider-color-custom elementor-section-height-default elementor-section-height-default cms-remove-row-no cms-section-no-padding-no cms-full-content-with-space-none cms-boxed-bg-false cms-section-boxed-divider-bottom cms-section-boxed-divider-width-full cms-overlay-gradient-mode-tb\" data-id=\"1616b7fb\" data-element_type=\"section\" data-settings=\"{&quot;background_background&quot;:&quot;classic&quot;}\">\n\t\t\n\t\t<div class=\"cms-overlay-gradient\"><\/div><div class=\"cms-section-boxed-bg\"><\/div><div class=\"cms-section-boxed-divider\"><\/div><div class=\"cms-elementor-section-remove\"><\/div><div class=\"cms-elementor-section-corner cms-elementor-section-corner-top\"><\/div><div class=\"cms-elementor-section-corner cms-elementor-section-corner-bottom\"><\/div>        <div class=\"elementor-container elementor-column-gap-no\" >\n\t\t        <div class=\"elementor-column elementor-col-100 elementor-top-column elementor-element elementor-element-19fc2700\" data-id=\"19fc2700\" data-element_type=\"column\">\n        <div class=\"elementor-widget-wrap elementor-element-populated\">\n                        \t\t<div class=\"elementor-element elementor-element-535947ec cms-maps-layout-1 cms-accordion cms-accordion-layout-1 elementor-widget elementor-widget-cms_map\" data-id=\"535947ec\" data-element_type=\"widget\" data-widget_type=\"cms_map.default\">\n\t\t\t\t<div class=\"elementor-widget-container\">\n\t\t\t<div class=\"cms-map-wrapper relative cms-map-height d-flex align-items-center mapstart\">\r\n    <div class=\"cms-map-img\"><a href=\"https:\/\/maps.google.com\" target=\"_self\" class=\"d-block overflow-hidden cms-map-height\"><img width=\"1920\" height=\"1080\" src=\"https:\/\/bluedraco.us\/wp-content\/uploads\/2023\/01\/\u00bfQue-es-Staff-Augmentation-1080-\u00d7-520-px-1400-\u00d7-840-px-1130-\u00d7-570-px-900-\u00d7-570-px-1920-\u00d7-1080-px.png\" class=\"img-cover w-100 h-100 cms-img\" alt=\"\" srcset=\"https:\/\/bluedraco.us\/wp-content\/uploads\/2023\/01\/\u00bfQue-es-Staff-Augmentation-1080-\u00d7-520-px-1400-\u00d7-840-px-1130-\u00d7-570-px-900-\u00d7-570-px-1920-\u00d7-1080-px.png 1920w, https:\/\/bluedraco.us\/wp-content\/uploads\/2023\/01\/\u00bfQue-es-Staff-Augmentation-1080-\u00d7-520-px-1400-\u00d7-840-px-1130-\u00d7-570-px-900-\u00d7-570-px-1920-\u00d7-1080-px-1536x864.png 1536w, https:\/\/bluedraco.us\/wp-content\/uploads\/2023\/01\/\u00bfQue-es-Staff-Augmentation-1080-\u00d7-520-px-1400-\u00d7-840-px-1130-\u00d7-570-px-900-\u00d7-570-px-1920-\u00d7-1080-px-18x10.png 18w, https:\/\/bluedraco.us\/wp-content\/uploads\/2023\/01\/\u00bfQue-es-Staff-Augmentation-1080-\u00d7-520-px-1400-\u00d7-840-px-1130-\u00d7-570-px-900-\u00d7-570-px-1920-\u00d7-1080-px-1022x575.png 1022w, https:\/\/bluedraco.us\/wp-content\/uploads\/2023\/01\/\u00bfQue-es-Staff-Augmentation-1080-\u00d7-520-px-1400-\u00d7-840-px-1130-\u00d7-570-px-900-\u00d7-570-px-1920-\u00d7-1080-px-600x338.png 600w\" sizes=\"(max-width: 1920px) 100vw, 1920px\" \/><\/a><\/div>    <div class=\"container relative z-top\">\r\n        <div id=\"cms_map-535947ec\" class=\"cms-accordion cms-shadow-1 bg-white\">\r\n                            <div class=\"cms-heading text-white text-20 bg-accent p-lr-40 p-tb-30\">\r\n                    Ubicaciones                <\/div>\r\n                                        <div class=\"cms-accordion-item cms-transition active\" data-target=\"#7330858\">\r\n                    <div class=\"cms-ac-title text-heading row gutters-20 justify-content-between\">\r\n                        <span class=\"cms-ac-title-icon col-auto order-last\">\r\n                            <i aria-hidden=\"true\" class=\"cms-ac-title--icon cms-ac-title-icon-close rtl-flip cmsi-plus\"><\/i><i aria-hidden=\"true\" class=\"cms-ac-title--icon cms-ac-title-icon-open rtl-flip cmsi-minus\"><\/i>                                                    <\/span>\r\n                        <a class=\"cms-ac-title-text text-primary text-17 font-700 col\">Oficina de Miami<\/a>\r\n                    <\/div>\r\n                    <div id=\"7330858\" class=\"cms-ac-content\" style=\"display:block;\">Tel\u00e9fono: +1 (954) 8642305<br \/>\n                                        Email: jsalazar@bluedraco.us<br \/>\n                                        Direcci\u00f3n: 3409 NW 72nd Avenue Suite A Miami Fl 33122<br \/>\n                                        Horarios: Lun-Vier: 9am \u2013 5pm<\/div>\r\n                <\/div>\r\n                            <div class=\"cms-accordion-item cms-transition\" data-target=\"#3ca828b\">\r\n                    <div class=\"cms-ac-title text-heading row gutters-20 justify-content-between\">\r\n                        <span class=\"cms-ac-title-icon col-auto order-last\">\r\n                            <i aria-hidden=\"true\" class=\"cms-ac-title--icon cms-ac-title-icon-close rtl-flip cmsi-plus\"><\/i><i aria-hidden=\"true\" class=\"cms-ac-title--icon cms-ac-title-icon-open rtl-flip cmsi-minus\"><\/i>                                                    <\/span>\r\n                        <a class=\"cms-ac-title-text text-primary text-17 font-700 col\">Oficina de Atlanta<\/a>\r\n                    <\/div>\r\n                    <div id=\"3ca828b\" class=\"cms-ac-content\">Tel\u00e9fono: +1 (954) 8642300<br \/>\n                                        Email: jsalazar@bluedraco.us<br \/>\n                                        Direcci\u00f3n: 5210 Palmero Ct Suite 103 Buford Georgia 30519<br \/>\n                                        Horarios: Lun-Vier: 9am \u2013 5pm<\/div>\r\n                <\/div>\r\n                    <\/div>\r\n    <\/div>\r\n<\/div>\t\t<\/div>\n\t\t\t\t<\/div>\n\t\t        <\/div>\n        <\/div>\n        \t\t        <\/div>\n        <\/div>\n\t\t        <div class=\"elementor-section elementor-top-section elementor-element elementor-element-603a4365 bg-161616  mb-n160 elementor-section-boxed elementor-section-height-default elementor-section-height-default cms-remove-row-no cms-section-no-padding-no cms-boxed-bg-false cms-section-boxed-divider-false cms-overlay-gradient-mode-tb\" data-id=\"603a4365\" data-element_type=\"section\" data-settings=\"{&quot;background_background&quot;:&quot;classic&quot;}\">\n\t\t\n\t\t<div class=\"cms-overlay-gradient\"><\/div><div class=\"cms-section-boxed-bg\"><\/div><div class=\"cms-section-boxed-divider\"><\/div><div class=\"cms-elementor-section-remove\"><\/div><div class=\"cms-elementor-section-corner cms-elementor-section-corner-top\"><\/div><div class=\"cms-elementor-section-corner cms-elementor-section-corner-bottom\"><\/div>        <div class=\"elementor-container elementor-column-gap-default\" >\n\t\t        <div class=\"elementor-column elementor-col-100 elementor-top-column elementor-element elementor-element-d8ec4d2\" data-id=\"d8ec4d2\" data-element_type=\"column\">\n        <div class=\"elementor-widget-wrap elementor-element-populated\">\n                        \t\t<div class=\"elementor-element elementor-element-7bd9ceeb elementor-widget elementor-widget-spacer\" data-id=\"7bd9ceeb\" data-element_type=\"widget\" data-widget_type=\"spacer.default\">\n\t\t\t\t<div class=\"elementor-widget-container\">\n\t\t\t<style>\/*! elementor - v3.8.1 - 13-11-2022 *\/\n.elementor-column .elementor-spacer-inner{height:var(--spacer-size)}.e-con{--container-widget-width:100%}.e-con-inner>.elementor-widget-spacer,.e-con>.elementor-widget-spacer{width:var(--container-widget-width,var(--spacer-size));-ms-flex-item-align:stretch;align-self:stretch;-ms-flex-negative:0;flex-shrink:0}.e-con-inner>.elementor-widget-spacer>.elementor-widget-container,.e-con-inner>.elementor-widget-spacer>.elementor-widget-container>.elementor-spacer,.e-con>.elementor-widget-spacer>.elementor-widget-container,.e-con>.elementor-widget-spacer>.elementor-widget-container>.elementor-spacer{height:100%}.e-con-inner>.elementor-widget-spacer>.elementor-widget-container>.elementor-spacer>.elementor-spacer-inner,.e-con>.elementor-widget-spacer>.elementor-widget-container>.elementor-spacer>.elementor-spacer-inner{height:var(--container-widget-height,var(--spacer-size))}<\/style>\t\t<div class=\"elementor-spacer\">\n\t\t\t<div class=\"elementor-spacer-inner\"><\/div>\n\t\t<\/div>\n\t\t\t\t<\/div>\n\t\t\t\t<\/div>\n\t\t        <\/div>\n        <\/div>\n        \t\t        <\/div>\n        <\/div>\n\t\t\t\t\t\t\t<\/div>","protected":false},"excerpt":{"rendered":"<p>Track &amp; Trace Home Stay in control of your logistic journey Track your shipment with Blue Draco On our portal, you can easily access real-time tracking information and stay informed about the status of your shipments. Maintain control of your shipment by clicking the button below: Go to the portal Track your shipment with Fedex or DHL Choose your shipping company and enter your tracking number Shipping Company Choose an optionFedExDHL Express FedEx Tracking NumberDHL Express Tracking Number Track And Trace &#916; Locations Miami Office Phone: +1 (954) 8642305 Email: jsalazar@bluedraco.us Address: 3409 NW 72nd Avenue Suite A Miami Fl 33122 Hours: Mon-Fri: 9am \u2013 5pm Atlanta Office Phone: +1 (954) 8642300 Email: jsalazar@bluedraco.us Address: 5210 Palmero Ct Suite 103 Buford Georgia 30519 Hours: Mon-Fri: 9am \u2013 5pm<\/p>","protected":false},"author":1,"featured_media":0,"parent":0,"menu_order":20,"comment_status":"closed","ping_status":"closed","template":"","meta":{"spay_email":""},"aioseo_notices":[],"_links":{"self":[{"href":"https:\/\/bluedraco.us\/es\/wp-json\/wp\/v2\/pages\/55"}],"collection":[{"href":"https:\/\/bluedraco.us\/es\/wp-json\/wp\/v2\/pages"}],"about":[{"href":"https:\/\/bluedraco.us\/es\/wp-json\/wp\/v2\/types\/page"}],"author":[{"embeddable":true,"href":"https:\/\/bluedraco.us\/es\/wp-json\/wp\/v2\/users\/1"}],"replies":[{"embeddable":true,"href":"https:\/\/bluedraco.us\/es\/wp-json\/wp\/v2\/comments?post=55"}],"version-history":[{"count":42,"href":"https:\/\/bluedraco.us\/es\/wp-json\/wp\/v2\/pages\/55\/revisions"}],"predecessor-version":[{"id":6358,"href":"https:\/\/bluedraco.us\/es\/wp-json\/wp\/v2\/pages\/55\/revisions\/6358"}],"wp:attachment":[{"href":"https:\/\/bluedraco.us\/es\/wp-json\/wp\/v2\/media?parent=55"}],"curies":[{"name":"wp","href":"https:\/\/api.w.org\/{rel}","templated":true}]}}