{"id":59,"date":"2022-01-12T06:43:15","date_gmt":"2022-01-12T06:43:15","guid":{"rendered":"https:\/\/demo.cmssuperheroes.com\/themeforest\/primous\/?page_id=59"},"modified":"2023-01-17T14:43:57","modified_gmt":"2023-01-17T14:43:57","slug":"custom-documents","status":"publish","type":"page","link":"https:\/\/bluedraco.us\/es\/custom-documents\/","title":{"rendered":"Documentos Personalizados"},"content":{"rendered":"<div data-elementor-type=\"wp-page\" data-elementor-id=\"59\" class=\"elementor elementor-59\">\n\t\t\t\t\t\t\t        <div class=\"elementor-section elementor-top-section elementor-element elementor-element-693eb7d4 elementor-section-full_width elementor-section-height-default elementor-section-height-default cms-remove-row-no cms-section-no-padding-no cms-full-content-with-space-none cms-boxed-bg-false cms-section-boxed-divider-false cms-overlay-gradient-mode-tb\" data-id=\"693eb7d4\" data-element_type=\"section\">\n\t\t\n\t\t<div class=\"cms-overlay-gradient\"><\/div><div class=\"cms-section-boxed-bg\"><\/div><div class=\"cms-section-boxed-divider\"><\/div><div class=\"cms-elementor-section-remove\"><\/div><div class=\"cms-elementor-section-corner cms-elementor-section-corner-top\"><\/div><div class=\"cms-elementor-section-corner cms-elementor-section-corner-bottom\"><\/div>        <div class=\"elementor-container elementor-column-gap-no\" >\n\t\t        <div class=\"elementor-column elementor-col-100 elementor-top-column elementor-element elementor-element-19c90ff4\" data-id=\"19c90ff4\" data-element_type=\"column\">\n        <div class=\"elementor-widget-wrap elementor-element-populated\">\n                        \t\t<div class=\"elementor-element elementor-element-6c23e59f cms-page-title-layout-1 elementor-widget elementor-widget-cms_page_title\" data-id=\"6c23e59f\" data-element_type=\"widget\" data-widget_type=\"cms_page_title.default\">\n\t\t\t\t<div class=\"elementor-widget-container\">\n\t\t\t<div class=\"cms-page-title-wrapper cms-overlay-gradient-1 text-\" style=\"background-image:url(https:\/\/demo.cmssuperheroes.com\/themeforest\/primous\/wp-content\/uploads\/y1oung-man-working-warehouse-with-boxes-4.jpg);\">\r\n    <div class=\"cms-page-title-overlay cms-page-title-gradient cms-overlay-gradient\"><\/div>\r\n    <div class=\"pt-50 pt-lg-140\"><\/div>\r\n    <div class=\"container\">\r\n        <div class=\"row empty-none justify-content-\">\r\n            <div class=\"cms-page-title-content-col col-12 col-lg-10 col-xl-7\">\r\n                <div class=\"cms-page-title-content\">\r\n                        <h1 class=\"cms-mainheading cms-heading text-30 text-md-40 text-lg-50 text-xl-85 lh-1  text-white empty-none\">Documentos Personalizados<\/h1>\r\n    <div class=\"extra-space clearfix\"> <\/div>\r\n                    <div class=\"row gutters-30 gutters-grid align-items-center pt-30 empty-none justify-content-\"><\/div>\r\n                <\/div>\r\n            <\/div>\r\n        <\/div>\r\n    <\/div>\r\n    <div class=\"pt-50 pt-lg-140 d-block\"><\/div>\r\n    <div class=\"cms-pagetitle-breadcrumb p-tb-20 relative\"><div class=\"container\"><div class=\"cms-breadcrumb text-14 justify-content-start\"><div class=\"breadcrumb-item d-flex align-items-center\"><span class=\"breadcrumb-text text-white\" >Home<\/span><span class=\"breadcrumb-divider text-white cmsi-chevron-right rtl-flip\"><\/span><\/div><\/div><\/div><\/div><\/div>\t\t<\/div>\n\t\t\t\t<\/div>\n\t\t        <\/div>\n        <\/div>\n        \t\t        <\/div>\n        <\/div>\n\t\t        <div class=\"elementor-section elementor-top-section elementor-element elementor-element-4c35c1cb p-tb-110 elementor-reverse-tablet elementor-reverse-mobile elementor-section-boxed elementor-section-height-default elementor-section-height-default cms-remove-row-no cms-section-no-padding-no cms-boxed-bg-false cms-section-boxed-divider-false cms-overlay-gradient-mode-tb\" data-id=\"4c35c1cb\" data-element_type=\"section\">\n\t\t\n\t\t<div class=\"cms-overlay-gradient\"><\/div><div class=\"cms-section-boxed-bg\"><\/div><div class=\"cms-section-boxed-divider\"><\/div><div class=\"cms-elementor-section-remove\"><\/div><div class=\"cms-elementor-section-corner cms-elementor-section-corner-top\"><\/div><div class=\"cms-elementor-section-corner cms-elementor-section-corner-bottom\"><\/div>        <div class=\"elementor-container elementor-column-gap-default\" >\n\t\t        <div class=\"elementor-column elementor-col-50 elementor-top-column elementor-element elementor-element-470375b\" data-id=\"470375b\" data-element_type=\"column\">\n        <div class=\"elementor-widget-wrap elementor-element-populated\">\n                        \t\t<div class=\"elementor-element elementor-element-2a37ade cms-heading-layout-1 elementor-widget elementor-widget-cms_heading\" data-id=\"2a37ade\" data-element_type=\"widget\" data-widget_type=\"cms_heading.default\">\n\t\t\t\t<div class=\"elementor-widget-container\">\n\t\t\t<div class=\"cms-heading-wrapper text-center  text-lg-center\">\r\n        <h2 class=\"cms-mainheading heading mt-n5 text-lg-40 lh-1\/375 pb-40  text-heading empty-none\">Carta de Instrucci\u00f3n de Embarque (SLI)<\/h2>\r\n    <div class=\"extra-space clearfix\"> <\/div>\r\n    <div class=\"empty-none relative cms-heading-desc row\">        <div class=\"cms-content-desc pr-xl-70 col\">\r\n            <div class=\"cms-content-desc-inner relative\">    <div class=\"cms-desc text-17  text-body empty-none\">Una Declaraci\u00f3n de Exportaci\u00f3n del Transportista (SED) de los EE. UU. era un formulario est\u00e1ndar del gobierno de los Estados Unidos requerido para todas las exportaciones de los EE. UU. con productos valorados en USD 2,500 o m\u00e1s. Ha sido reemplazado por el formulario de Informaci\u00f3n Electr\u00f3nica de Exportaci\u00f3n (EEI). <br \/>\n<br \/>\nSi el valor de un solo producto dentro de un env\u00edo de exportaci\u00f3n de EE. UU. supera los USD 2,500 se debe presentar una EEI ante la Oficina del Censo de EE. UU. El EEI es utilizado por la Oficina del Censo de los EE. UU. para compilar los controles de exportaci\u00f3n. <\/div>\r\n    <div class=\"extra-space clearfix\"> <\/div>\r\n<\/div>\r\n                        <div class=\"cms-heading-buttons row gutters-30 gutters-grid align-items-center pt-40 empty-none\"><\/div>\r\n        <\/div>\r\n    <\/div>\r\n<\/div>\t\t<\/div>\n\t\t\t\t<\/div>\n\t\t\t\t<div class=\"elementor-element elementor-element-c88bf5b cms-download-layout-1 elementor-widget elementor-widget-cms_download\" data-id=\"c88bf5b\" data-element_type=\"widget\" data-widget_type=\"cms_download.default\">\n\t\t\t\t<div class=\"elementor-widget-container\">\n\t\t\t<div class=\"cms-downloads p-20 p-md-30 p-lg-40 bg-white cms-shadow-2 cms-divider divider-top divider-accent relative\">\n\t    <h2 class=\"cms-heading text-19 mt-n5 mb-25  text-heading empty-none\">Descargar SLI<\/h2>\r\n    <div class=\"extra-space clearfix\"> <\/div>\r\n    <div class=\"cms-desc mb-25  text-body empty-none\"><b>IMPORTANTE<\/b>: Una vez que haya llenado este formulario, por favor env\u00edelo al siguiente correo electr\u00f3nico: jsalazar@bluedraco.us<\/div>\r\n    <div class=\"extra-space clearfix\"> <\/div>\r\n\t    <div class=\"cms-download cms-download-item bg-accent bg-hover-primary link-white cms-transition mt-20 font-700\">\n\t\t<a class=\"cms-transition\" href=\"https:\/\/bluedraco.us\/wp-content\/uploads\/2023\/01\/SLI-FORM.pdf\" target=\"_blank\">\n\t\t\t        <span aria-hidden=\"true\" class=\"cms-icon text-32 cms-download-icon cmsi-pdf\" style=\"\"><\/span>        <span class=\"cms-download-text font-700\">Carta de Instrucci\u00f3n de Embarque (SLI)<\/span>    \t<\/a>\n    <\/div>  \n\t<\/div>\n\t\t<\/div>\n\t\t\t\t<\/div>\n\t\t        <\/div>\n        <\/div>\n                <div class=\"elementor-column elementor-col-50 elementor-top-column elementor-element elementor-element-ee3aea6\" data-id=\"ee3aea6\" data-element_type=\"column\">\n        <div class=\"elementor-widget-wrap elementor-element-populated\">\n                        \t\t<div class=\"elementor-element elementor-element-31e9f70 cms-heading-layout-1 elementor-widget elementor-widget-cms_heading\" data-id=\"31e9f70\" data-element_type=\"widget\" data-widget_type=\"cms_heading.default\">\n\t\t\t\t<div class=\"elementor-widget-container\">\n\t\t\t<div class=\"cms-heading-wrapper text-center  text-lg-center\">\r\n        <h2 class=\"cms-mainheading heading mt-n5 text-lg-40 lh-1\/375 pb-40  text-heading empty-none\">Poder Legal <br \/>\n(POA)<\/h2>\r\n    <div class=\"extra-space clearfix\"> <\/div>\r\n    <div class=\"empty-none relative cms-heading-desc row\">        <div class=\"cms-content-desc pr-xl-70 col\">\r\n            <div class=\"cms-content-desc-inner relative\">    <div class=\"cms-desc text-17  text-body empty-none\">La US Customs Border Protection (CBP) tiene requisitos estrictos con respecto a las firmas y la documentaci\u00f3n en relaci\u00f3n con la emisi\u00f3n de POA. <br \/>\n<br \/>\nLa CBP requiere una copia de la licencia de conducir o pasaporte para acompa\u00f1ar el POA, y tambi\u00e9n que las personas que firman este documento en cuesti\u00f3n deber\u00e1n poseer un t\u00edtulo C: CEO, CCO, COO, etc. <br \/>\n<br \/>\nNo se aceptar\u00e1n otros t\u00edtulos.<\/div>\r\n    <div class=\"extra-space clearfix\"> <\/div>\r\n<\/div>\r\n                        <div class=\"cms-heading-buttons row gutters-30 gutters-grid align-items-center pt-40 empty-none\"><\/div>\r\n        <\/div>\r\n    <\/div>\r\n<\/div>\t\t<\/div>\n\t\t\t\t<\/div>\n\t\t\t\t<div class=\"elementor-element elementor-element-1490986 cms-download-layout-1 elementor-widget elementor-widget-cms_download\" data-id=\"1490986\" data-element_type=\"widget\" data-widget_type=\"cms_download.default\">\n\t\t\t\t<div class=\"elementor-widget-container\">\n\t\t\t<div class=\"cms-downloads p-20 p-md-30 p-lg-40 bg-white cms-shadow-2 cms-divider divider-top divider-accent relative\">\n\t    <h2 class=\"cms-heading text-19 mt-n5 mb-25  text-heading empty-none\">Descargar POA<\/h2>\r\n    <div class=\"extra-space clearfix\"> <\/div>\r\n    <div class=\"cms-desc mb-25  text-body empty-none\"><b>IMPORTANTE<\/b>: Una vez que haya llenado este formulario, por favor env\u00edelo al siguiente correo electr\u00f3nico: jsalazar@bluedraco.us<\/div>\r\n    <div class=\"extra-space clearfix\"> <\/div>\r\n\t    <div class=\"cms-download cms-download-item bg-accent bg-hover-primary link-white cms-transition mt-20 font-700\">\n\t\t<a class=\"cms-transition\" href=\"https:\/\/bluedraco.us\/wp-content\/uploads\/2022\/12\/POA-FORM-IMPORT.pdf\" target=\"_blank\">\n\t\t\t        <span aria-hidden=\"true\" class=\"cms-icon text-32 cms-download-icon cmsi-pdf\" style=\"\"><\/span>        <span class=\"cms-download-text font-700\">Poder Notarial (POA)<\/span>    \t<\/a>\n    <\/div>  \n\t<\/div>\n\t\t<\/div>\n\t\t\t\t<\/div>\n\t\t        <\/div>\n        <\/div>\n        \t\t        <\/div>\n        <\/div>\n\t\t        <div class=\"elementor-section elementor-top-section elementor-element elementor-element-2f0449d bg-161616  mb-n160 elementor-section-boxed elementor-section-height-default elementor-section-height-default cms-remove-row-no cms-section-no-padding-no cms-boxed-bg-false cms-section-boxed-divider-false cms-overlay-gradient-mode-tb\" data-id=\"2f0449d\" data-element_type=\"section\" data-settings=\"{&quot;background_background&quot;:&quot;classic&quot;}\">\n\t\t\n\t\t<div class=\"cms-overlay-gradient\"><\/div><div class=\"cms-section-boxed-bg\"><\/div><div class=\"cms-section-boxed-divider\"><\/div><div class=\"cms-elementor-section-remove\"><\/div><div class=\"cms-elementor-section-corner cms-elementor-section-corner-top\"><\/div><div class=\"cms-elementor-section-corner cms-elementor-section-corner-bottom\"><\/div>        <div class=\"elementor-container elementor-column-gap-default\" >\n\t\t        <div class=\"elementor-column elementor-col-100 elementor-top-column elementor-element elementor-element-496ebc08\" data-id=\"496ebc08\" data-element_type=\"column\">\n        <div class=\"elementor-widget-wrap elementor-element-populated\">\n                        \t\t<div class=\"elementor-element elementor-element-5fada174 elementor-widget elementor-widget-spacer\" data-id=\"5fada174\" data-element_type=\"widget\" data-widget_type=\"spacer.default\">\n\t\t\t\t<div class=\"elementor-widget-container\">\n\t\t\t<style>\/*! elementor - v3.8.1 - 13-11-2022 *\/\n.elementor-column .elementor-spacer-inner{height:var(--spacer-size)}.e-con{--container-widget-width:100%}.e-con-inner>.elementor-widget-spacer,.e-con>.elementor-widget-spacer{width:var(--container-widget-width,var(--spacer-size));-ms-flex-item-align:stretch;align-self:stretch;-ms-flex-negative:0;flex-shrink:0}.e-con-inner>.elementor-widget-spacer>.elementor-widget-container,.e-con-inner>.elementor-widget-spacer>.elementor-widget-container>.elementor-spacer,.e-con>.elementor-widget-spacer>.elementor-widget-container,.e-con>.elementor-widget-spacer>.elementor-widget-container>.elementor-spacer{height:100%}.e-con-inner>.elementor-widget-spacer>.elementor-widget-container>.elementor-spacer>.elementor-spacer-inner,.e-con>.elementor-widget-spacer>.elementor-widget-container>.elementor-spacer>.elementor-spacer-inner{height:var(--container-widget-height,var(--spacer-size))}<\/style>\t\t<div class=\"elementor-spacer\">\n\t\t\t<div class=\"elementor-spacer-inner\"><\/div>\n\t\t<\/div>\n\t\t\t\t<\/div>\n\t\t\t\t<\/div>\n\t\t        <\/div>\n        <\/div>\n        \t\t        <\/div>\n        <\/div>\n\t\t        <div class=\"elementor-section elementor-top-section elementor-element elementor-element-9ee16e4 elementor-section-boxed elementor-section-height-default elementor-section-height-default cms-remove-row-no cms-section-no-padding-no cms-boxed-bg-false cms-section-boxed-divider-false cms-overlay-gradient-mode-tb\" data-id=\"9ee16e4\" data-element_type=\"section\">\n\t\t\n\t\t<div class=\"cms-overlay-gradient\"><\/div><div class=\"cms-section-boxed-bg\"><\/div><div class=\"cms-section-boxed-divider\"><\/div><div class=\"cms-elementor-section-remove\"><\/div><div class=\"cms-elementor-section-corner cms-elementor-section-corner-top\"><\/div><div class=\"cms-elementor-section-corner cms-elementor-section-corner-bottom\"><\/div>        <div class=\"elementor-container elementor-column-gap-default\" >\n\t\t        <div class=\"elementor-column elementor-col-100 elementor-top-column elementor-element elementor-element-c379529\" data-id=\"c379529\" data-element_type=\"column\">\n        <div class=\"elementor-widget-wrap elementor-element-populated\">\n                        \t\t<div class=\"elementor-element elementor-element-a95abbe cms-maps-layout-1 cms-accordion cms-accordion-layout-1 elementor-widget elementor-widget-cms_map\" data-id=\"a95abbe\" data-element_type=\"widget\" data-widget_type=\"cms_map.default\">\n\t\t\t\t<div class=\"elementor-widget-container\">\n\t\t\t<div class=\"cms-map-wrapper relative cms-map-height d-flex align-items-center mapstart\">\r\n    <div class=\"cms-map-img\"><a href=\"https:\/\/www.google.com.ar\/maps\/place\/Miami,+Florida,+EE.+UU.\/@25.7825453,-80.2994991,12z\/data=!3m1!4b1!4m6!3m5!1s0x88d9b0a20ec8c111:0xff96f271ddad4f65!8m2!3d25.7616798!4d-80.1917902!16zL20vMGYydjA\" target=\"_self\" class=\"d-block overflow-hidden cms-map-height\"><img class=\"img-cover w-100 h-100 cms-img\" src=\"https:\/\/bluedraco.us\/wp-content\/uploads\/2022\/12\/Servicios-y-Soluciones-2-1.pdf.png\" width=\"1920\" height=\"1080\" alt=\"Servicios y Soluciones (2)-1.pdf\" title=\"Servicios y Soluciones (2)-1.pdf\" \/><\/a><\/div>    <div class=\"container relative z-top\">\r\n        <div id=\"cms_map-a95abbe\" class=\"cms-accordion cms-shadow-1 bg-white\">\r\n                            <div class=\"cms-heading text-white text-20 bg-accent p-lr-40 p-tb-30\">\r\n                    Ubicaciones                <\/div>\r\n                                        <div class=\"cms-accordion-item cms-transition active\" data-target=\"#7330858\">\r\n                    <div class=\"cms-ac-title text-heading row gutters-20 justify-content-between\">\r\n                        <span class=\"cms-ac-title-icon col-auto order-last\">\r\n                            <i aria-hidden=\"true\" class=\"cms-ac-title--icon cms-ac-title-icon-close rtl-flip cmsi-plus\"><\/i><i aria-hidden=\"true\" class=\"cms-ac-title--icon cms-ac-title-icon-open rtl-flip cmsi-minus\"><\/i>                                                    <\/span>\r\n                        <a class=\"cms-ac-title-text text-primary text-17 font-700 col\">Oficina de Miami<\/a>\r\n                    <\/div>\r\n                    <div id=\"7330858\" class=\"cms-ac-content\" style=\"display:block;\">Tel\u00e9fono: +1 (954) 8642305<br \/>\n                                        Email: jsalazar@bluedraco.us<br \/>\n                                        Direcci\u00f3n: 3409 NW 72nd Avenue Suite A Miami Fl 33122<br \/>\n                                        Horarios: Lun-Vier: 9:00am - 5:00pm<\/div>\r\n                <\/div>\r\n                            <div class=\"cms-accordion-item cms-transition\" data-target=\"#3ca828b\">\r\n                    <div class=\"cms-ac-title text-heading row gutters-20 justify-content-between\">\r\n                        <span class=\"cms-ac-title-icon col-auto order-last\">\r\n                            <i aria-hidden=\"true\" class=\"cms-ac-title--icon cms-ac-title-icon-close rtl-flip cmsi-plus\"><\/i><i aria-hidden=\"true\" class=\"cms-ac-title--icon cms-ac-title-icon-open rtl-flip cmsi-minus\"><\/i>                                                    <\/span>\r\n                        <a class=\"cms-ac-title-text text-primary text-17 font-700 col\">Oficina de Atlanta<\/a>\r\n                    <\/div>\r\n                    <div id=\"3ca828b\" class=\"cms-ac-content\">Tel\u00e9fono: +1 (954) 8642300<br \/>\n                                        Email:  jsalazar@bluedraco.us<br \/>\n                                        Direcci\u00f3n: 5210 Palmero Ct Suite 103 Buford Georgia 30519<br \/>\n                                        Horarios: Lun-Vier: 9:00am - 5:00pm<\/div>\r\n                <\/div>\r\n                    <\/div>\r\n    <\/div>\r\n<\/div>\t\t<\/div>\n\t\t\t\t<\/div>\n\t\t        <\/div>\n        <\/div>\n        \t\t        <\/div>\n        <\/div>\n\t\t\t\t\t\t\t<\/div>","protected":false},"excerpt":{"rendered":"<p>Custom Documents Home Shipper&#8217;s Letter of Instruction (SLI) A U.S. Shipper&#8217;s Export Declaration (SED) was a standard United States government form required for all U.S. exports with commodities valued at US$2,500 or higher. It has been replaced with the Electronic Export Information form (EEI). If a single commodity&#8217;s value within a U.S. export shipment exceeds US$2,500.00, then an EEI must be filed with the U.S. Census Bureau. The EEI is used by the U.S. Census Bureau to compile exert export controls. Download SLI IMPORTANT: Once you have filled out this form, please send it to the following email: jsalazar@bluedraco.us Shipper&#8217;s Letter of Instruction (SLI) Power of Attorney (POA) US Customs Border Protection (CBP) has stringent requirements regarding signatures and documentation in relation to issue of POA. CBP requires a copy of driver\u2019s license or passport to accompany the POA, and also that the persons signing the POA must hold a C title: CEO, CCO, COO etc. Other titles will not be accepted. Download POA IMPORTANT: Once you have filled out this form, please send it to the following email: jsalazar@bluedraco.us Power of Attorney (POA) Locations Miami Office Phone: +1 (954) 8642305 Email: jsalazar@bluedraco.us Address: 3409 NW 72nd Avenue Suite A Miami Fl 33122 Hours: Mon-Fri: 9:00am &#8211; 5:00pm Atlanta Office Phone: +1 (954) 8642300 Email: jsalazar@bluedraco.us Address: 5210 Palmero Ct Suite 103 Buford Georgia 30519 Hours: Mon-Fri: 9:00am &#8211; 5:00pm<\/p>","protected":false},"author":1,"featured_media":0,"parent":0,"menu_order":22,"comment_status":"closed","ping_status":"closed","template":"","meta":{"spay_email":""},"aioseo_notices":[],"_links":{"self":[{"href":"https:\/\/bluedraco.us\/es\/wp-json\/wp\/v2\/pages\/59"}],"collection":[{"href":"https:\/\/bluedraco.us\/es\/wp-json\/wp\/v2\/pages"}],"about":[{"href":"https:\/\/bluedraco.us\/es\/wp-json\/wp\/v2\/types\/page"}],"author":[{"embeddable":true,"href":"https:\/\/bluedraco.us\/es\/wp-json\/wp\/v2\/users\/1"}],"replies":[{"embeddable":true,"href":"https:\/\/bluedraco.us\/es\/wp-json\/wp\/v2\/comments?post=59"}],"version-history":[{"count":51,"href":"https:\/\/bluedraco.us\/es\/wp-json\/wp\/v2\/pages\/59\/revisions"}],"predecessor-version":[{"id":6072,"href":"https:\/\/bluedraco.us\/es\/wp-json\/wp\/v2\/pages\/59\/revisions\/6072"}],"wp:attachment":[{"href":"https:\/\/bluedraco.us\/es\/wp-json\/wp\/v2\/media?parent=59"}],"curies":[{"name":"wp","href":"https:\/\/api.w.org\/{rel}","templated":true}]}}